{"id":11465,"date":"2025-09-30T06:39:38","date_gmt":"2025-09-30T06:39:38","guid":{"rendered":"https:\/\/seedea.pl\/?post_type=product&#038;p=11465"},"modified":"2025-09-30T06:43:36","modified_gmt":"2025-09-30T06:43:36","slug":"konwencjonalna-zielona-soczewica-kopia","status":"publish","type":"product","link":"https:\/\/seedea.pl\/pl\/Offers\/konwencjonalna-zielona-soczewica-kopia\/","title":{"rendered":"Konwencjonalna zielona soczewica (Kopia)"},"content":{"rendered":"","protected":false},"excerpt":{"rendered":"","protected":false},"featured_media":11689,"comment_status":"closed","ping_status":"closed","template":"","meta":[],"product_brand":[],"product_cat":[315,319],"product_tag":[],"subcategory":[316],"class_list":{"0":"post-11465","1":"product","2":"type-product","3":"status-publish","4":"has-post-thumbnail","6":"product_cat-produkty-bezglutenowe","7":"product_cat-produkty-organiczne","8":"subcategory-impulsy","10":"first","11":"instock","12":"shipping-taxable","13":"product-type-simple"},"yoast_head":"<!-- This site is optimized with the Yoast SEO plugin v25.9 - https:\/\/yoast.com\/wordpress\/plugins\/seo\/ -->\n<title>Konwencjonalna zielona soczewica Seedea<\/title>\n<meta name=\"description\" content=\"Soczewica jest najstarsz\u0105 ro\u015blin\u0105 str\u0105czkow\u0105 znan\u0105 cz\u0142owiekowi i jedn\u0105 z najwcze\u015bniej udomowionych upraw. Soczewica jest u\u017cywana na ca\u0142ym \u015bwiecie do cel\u00f3w kulinarnych.\" \/>\n<meta name=\"robots\" content=\"index, follow, max-snippet:-1, max-image-preview:large, max-video-preview:-1\" \/>\n<link rel=\"canonical\" href=\"https:\/\/seedea.pl\/pl\/Offers\/konwencjonalna-zielona-soczewica-kopia\/\" \/>\n<meta property=\"og:locale\" content=\"pl_PL\" \/>\n<meta property=\"og:type\" content=\"article\" \/>\n<meta property=\"og:title\" content=\"Konwencjonalna zielona soczewica Seedea\" \/>\n<meta property=\"og:description\" content=\"Soczewica jest najstarsz\u0105 ro\u015blin\u0105 str\u0105czkow\u0105 znan\u0105 cz\u0142owiekowi i jedn\u0105 z najwcze\u015bniej udomowionych upraw. Soczewica jest u\u017cywana na ca\u0142ym \u015bwiecie do cel\u00f3w kulinarnych.\" \/>\n<meta property=\"og:url\" content=\"https:\/\/seedea.pl\/pl\/Offers\/konwencjonalna-zielona-soczewica-kopia\/\" \/>\n<meta property=\"og:site_name\" content=\"Seedea\" \/>\n<meta property=\"article:modified_time\" content=\"2025-09-30T06:43:36+00:00\" \/>\n<meta property=\"og:image\" content=\"https:\/\/seedea.pl\/wp-content\/uploads\/2025\/09\/1000020403-scaled.jpg\" \/>\n\t<meta property=\"og:image:width\" content=\"1920\" \/>\n\t<meta property=\"og:image:height\" content=\"2560\" \/>\n\t<meta property=\"og:image:type\" content=\"image\/jpeg\" \/>\n<meta name=\"twitter:card\" content=\"summary_large_image\" \/>\n<script type=\"application\/ld+json\" class=\"yoast-schema-graph\">{\"@context\":\"https:\/\/schema.org\",\"@graph\":[{\"@type\":\"WebPage\",\"@id\":\"https:\/\/seedea.pl\/pl\/Offers\/konwencjonalna-zielona-soczewica-kopia\/\",\"url\":\"https:\/\/seedea.pl\/pl\/Offers\/konwencjonalna-zielona-soczewica-kopia\/\",\"name\":\"Konwencjonalna zielona soczewica Seedea\",\"isPartOf\":{\"@id\":\"https:\/\/seedea.pl\/pl\/#website\"},\"primaryImageOfPage\":{\"@id\":\"https:\/\/seedea.pl\/pl\/Offers\/konwencjonalna-zielona-soczewica-kopia\/#primaryimage\"},\"image\":{\"@id\":\"https:\/\/seedea.pl\/pl\/Offers\/konwencjonalna-zielona-soczewica-kopia\/#primaryimage\"},\"thumbnailUrl\":\"https:\/\/seedea.pl\/wp-content\/uploads\/2025\/09\/1000020403-scaled.jpg\",\"datePublished\":\"2025-09-30T06:39:38+00:00\",\"dateModified\":\"2025-09-30T06:43:36+00:00\",\"description\":\"Soczewica jest najstarsz\u0105 ro\u015blin\u0105 str\u0105czkow\u0105 znan\u0105 cz\u0142owiekowi i jedn\u0105 z najwcze\u015bniej udomowionych upraw. Soczewica jest u\u017cywana na ca\u0142ym \u015bwiecie do cel\u00f3w kulinarnych.\",\"breadcrumb\":{\"@id\":\"https:\/\/seedea.pl\/pl\/Offers\/konwencjonalna-zielona-soczewica-kopia\/#breadcrumb\"},\"inLanguage\":\"pl-PL\",\"potentialAction\":[{\"@type\":\"ReadAction\",\"target\":[\"https:\/\/seedea.pl\/pl\/Offers\/konwencjonalna-zielona-soczewica-kopia\/\"]}]},{\"@type\":\"ImageObject\",\"inLanguage\":\"pl-PL\",\"@id\":\"https:\/\/seedea.pl\/pl\/Offers\/konwencjonalna-zielona-soczewica-kopia\/#primaryimage\",\"url\":\"https:\/\/seedea.pl\/wp-content\/uploads\/2025\/09\/1000020403-scaled.jpg\",\"contentUrl\":\"https:\/\/seedea.pl\/wp-content\/uploads\/2025\/09\/1000020403-scaled.jpg\",\"width\":1920,\"height\":2560},{\"@type\":\"BreadcrumbList\",\"@id\":\"https:\/\/seedea.pl\/pl\/Offers\/konwencjonalna-zielona-soczewica-kopia\/#breadcrumb\",\"itemListElement\":[{\"@type\":\"ListItem\",\"position\":1,\"name\":\"Home\",\"item\":\"https:\/\/seedea.pl\/pl\/\"},{\"@type\":\"ListItem\",\"position\":2,\"name\":\"Sklep\",\"item\":\"https:\/\/seedea.pl\/pl\/sklep\/\"},{\"@type\":\"ListItem\",\"position\":3,\"name\":\"Konwencjonalna zielona soczewica (Kopia)\"}]},{\"@type\":\"WebSite\",\"@id\":\"https:\/\/seedea.pl\/pl\/#website\",\"url\":\"https:\/\/seedea.pl\/pl\/\",\"name\":\"Seedea\",\"description\":\"Organic and Gluten-Free Ingredients for B2B\",\"publisher\":{\"@id\":\"https:\/\/seedea.pl\/pl\/#organization\"},\"potentialAction\":[{\"@type\":\"SearchAction\",\"target\":{\"@type\":\"EntryPoint\",\"urlTemplate\":\"https:\/\/seedea.pl\/pl\/?s={search_term_string}\"},\"query-input\":{\"@type\":\"PropertyValueSpecification\",\"valueRequired\":true,\"valueName\":\"search_term_string\"}}],\"inLanguage\":\"pl-PL\"},{\"@type\":\"Organization\",\"@id\":\"https:\/\/seedea.pl\/pl\/#organization\",\"name\":\"Seedea\",\"url\":\"https:\/\/seedea.pl\/pl\/\",\"logo\":{\"@type\":\"ImageObject\",\"inLanguage\":\"pl-PL\",\"@id\":\"https:\/\/seedea.pl\/pl\/#\/schema\/logo\/image\/\",\"url\":\"https:\/\/seedea.pl\/wp-content\/uploads\/2023\/05\/SEEDEA_LOGO_LOGO-01.svg\",\"contentUrl\":\"https:\/\/seedea.pl\/wp-content\/uploads\/2023\/05\/SEEDEA_LOGO_LOGO-01.svg\",\"caption\":\"Seedea\"},\"image\":{\"@id\":\"https:\/\/seedea.pl\/pl\/#\/schema\/logo\/image\/\"}}]}<\/script>\n<!-- \/ Yoast SEO plugin. -->","yoast_head_json":{"title":"Konwencjonalna zielona soczewica Seedea","description":"Soczewica jest najstarsz\u0105 ro\u015blin\u0105 str\u0105czkow\u0105 znan\u0105 cz\u0142owiekowi i jedn\u0105 z najwcze\u015bniej udomowionych upraw. Soczewica jest u\u017cywana na ca\u0142ym \u015bwiecie do cel\u00f3w kulinarnych.","robots":{"index":"index","follow":"follow","max-snippet":"max-snippet:-1","max-image-preview":"max-image-preview:large","max-video-preview":"max-video-preview:-1"},"canonical":"https:\/\/seedea.pl\/pl\/Offers\/konwencjonalna-zielona-soczewica-kopia\/","og_locale":"pl_PL","og_type":"article","og_title":"Konwencjonalna zielona soczewica Seedea","og_description":"Soczewica jest najstarsz\u0105 ro\u015blin\u0105 str\u0105czkow\u0105 znan\u0105 cz\u0142owiekowi i jedn\u0105 z najwcze\u015bniej udomowionych upraw. Soczewica jest u\u017cywana na ca\u0142ym \u015bwiecie do cel\u00f3w kulinarnych.","og_url":"https:\/\/seedea.pl\/pl\/Offers\/konwencjonalna-zielona-soczewica-kopia\/","og_site_name":"Seedea","article_modified_time":"2025-09-30T06:43:36+00:00","og_image":[{"width":1920,"height":2560,"url":"https:\/\/seedea.pl\/wp-content\/uploads\/2025\/09\/1000020403-scaled.jpg","type":"image\/jpeg"}],"twitter_card":"summary_large_image","schema":{"@context":"https:\/\/schema.org","@graph":[{"@type":"WebPage","@id":"https:\/\/seedea.pl\/pl\/Offers\/konwencjonalna-zielona-soczewica-kopia\/","url":"https:\/\/seedea.pl\/pl\/Offers\/konwencjonalna-zielona-soczewica-kopia\/","name":"Konwencjonalna zielona soczewica Seedea","isPartOf":{"@id":"https:\/\/seedea.pl\/pl\/#website"},"primaryImageOfPage":{"@id":"https:\/\/seedea.pl\/pl\/Offers\/konwencjonalna-zielona-soczewica-kopia\/#primaryimage"},"image":{"@id":"https:\/\/seedea.pl\/pl\/Offers\/konwencjonalna-zielona-soczewica-kopia\/#primaryimage"},"thumbnailUrl":"https:\/\/seedea.pl\/wp-content\/uploads\/2025\/09\/1000020403-scaled.jpg","datePublished":"2025-09-30T06:39:38+00:00","dateModified":"2025-09-30T06:43:36+00:00","description":"Soczewica jest najstarsz\u0105 ro\u015blin\u0105 str\u0105czkow\u0105 znan\u0105 cz\u0142owiekowi i jedn\u0105 z najwcze\u015bniej udomowionych upraw. Soczewica jest u\u017cywana na ca\u0142ym \u015bwiecie do cel\u00f3w kulinarnych.","breadcrumb":{"@id":"https:\/\/seedea.pl\/pl\/Offers\/konwencjonalna-zielona-soczewica-kopia\/#breadcrumb"},"inLanguage":"pl-PL","potentialAction":[{"@type":"ReadAction","target":["https:\/\/seedea.pl\/pl\/Offers\/konwencjonalna-zielona-soczewica-kopia\/"]}]},{"@type":"ImageObject","inLanguage":"pl-PL","@id":"https:\/\/seedea.pl\/pl\/Offers\/konwencjonalna-zielona-soczewica-kopia\/#primaryimage","url":"https:\/\/seedea.pl\/wp-content\/uploads\/2025\/09\/1000020403-scaled.jpg","contentUrl":"https:\/\/seedea.pl\/wp-content\/uploads\/2025\/09\/1000020403-scaled.jpg","width":1920,"height":2560},{"@type":"BreadcrumbList","@id":"https:\/\/seedea.pl\/pl\/Offers\/konwencjonalna-zielona-soczewica-kopia\/#breadcrumb","itemListElement":[{"@type":"ListItem","position":1,"name":"Home","item":"https:\/\/seedea.pl\/pl\/"},{"@type":"ListItem","position":2,"name":"Sklep","item":"https:\/\/seedea.pl\/pl\/sklep\/"},{"@type":"ListItem","position":3,"name":"Konwencjonalna zielona soczewica (Kopia)"}]},{"@type":"WebSite","@id":"https:\/\/seedea.pl\/pl\/#website","url":"https:\/\/seedea.pl\/pl\/","name":"Seedea","description":"Organic and Gluten-Free Ingredients for B2B","publisher":{"@id":"https:\/\/seedea.pl\/pl\/#organization"},"potentialAction":[{"@type":"SearchAction","target":{"@type":"EntryPoint","urlTemplate":"https:\/\/seedea.pl\/pl\/?s={search_term_string}"},"query-input":{"@type":"PropertyValueSpecification","valueRequired":true,"valueName":"search_term_string"}}],"inLanguage":"pl-PL"},{"@type":"Organization","@id":"https:\/\/seedea.pl\/pl\/#organization","name":"Seedea","url":"https:\/\/seedea.pl\/pl\/","logo":{"@type":"ImageObject","inLanguage":"pl-PL","@id":"https:\/\/seedea.pl\/pl\/#\/schema\/logo\/image\/","url":"https:\/\/seedea.pl\/wp-content\/uploads\/2023\/05\/SEEDEA_LOGO_LOGO-01.svg","contentUrl":"https:\/\/seedea.pl\/wp-content\/uploads\/2023\/05\/SEEDEA_LOGO_LOGO-01.svg","caption":"Seedea"},"image":{"@id":"https:\/\/seedea.pl\/pl\/#\/schema\/logo\/image\/"}}]}},"_links":{"self":[{"href":"https:\/\/seedea.pl\/pl\/wp-json\/wp\/v2\/product\/11465","targetHints":{"allow":["GET"]}}],"collection":[{"href":"https:\/\/seedea.pl\/pl\/wp-json\/wp\/v2\/product"}],"about":[{"href":"https:\/\/seedea.pl\/pl\/wp-json\/wp\/v2\/types\/product"}],"replies":[{"embeddable":true,"href":"https:\/\/seedea.pl\/pl\/wp-json\/wp\/v2\/comments?post=11465"}],"wp:featuredmedia":[{"embeddable":true,"href":"https:\/\/seedea.pl\/pl\/wp-json\/wp\/v2\/media\/11689"}],"wp:attachment":[{"href":"https:\/\/seedea.pl\/pl\/wp-json\/wp\/v2\/media?parent=11465"}],"wp:term":[{"taxonomy":"product_brand","embeddable":true,"href":"https:\/\/seedea.pl\/pl\/wp-json\/wp\/v2\/product_brand?post=11465"},{"taxonomy":"product_cat","embeddable":true,"href":"https:\/\/seedea.pl\/pl\/wp-json\/wp\/v2\/product_cat?post=11465"},{"taxonomy":"product_tag","embeddable":true,"href":"https:\/\/seedea.pl\/pl\/wp-json\/wp\/v2\/product_tag?post=11465"},{"taxonomy":"subcategory","embeddable":true,"href":"https:\/\/seedea.pl\/pl\/wp-json\/wp\/v2\/subcategory?post=11465"}],"curies":[{"name":"wp","href":"https:\/\/api.w.org\/{rel}","templated":true}]}}