{"id":10955,"date":"2025-03-26T18:30:54","date_gmt":"2025-03-26T18:30:54","guid":{"rendered":"https:\/\/seedea.pl\/Offers\/konwencjonalny-zolty-groszek\/"},"modified":"2025-03-26T18:30:54","modified_gmt":"2025-03-26T18:30:54","slug":"konwencjonalny-zolty-groszek","status":"publish","type":"product","link":"https:\/\/seedea.pl\/pl\/Offers\/konwencjonalny-zolty-groszek\/","title":{"rendered":"Konwencjonalny \u017c\u00f3\u0142ty groszek dzielony"},"content":{"rendered":"","protected":false},"excerpt":{"rendered":"","protected":false},"featured_media":10956,"comment_status":"closed","ping_status":"closed","template":"","meta":[],"product_brand":[],"product_cat":[314],"product_tag":[],"subcategory":[316],"class_list":{"0":"post-10955","1":"product","2":"type-product","3":"status-publish","4":"has-post-thumbnail","6":"product_cat-produkty-konwencjonalne","7":"subcategory-impulsy","9":"first","10":"instock","11":"shipping-taxable","12":"product-type-simple"},"yoast_head":"<!-- This site is optimized with the Yoast SEO plugin v25.9 - https:\/\/yoast.com\/wordpress\/plugins\/seo\/ -->\n<title>Konwencjonalny \u017c\u00f3\u0142ty groszek Seedea<\/title>\n<meta name=\"description\" content=\"Groch jest jedn\u0105 z najstarszych ro\u015blin uprawianych przez cz\u0142owieka. Groch jest wykorzystywany na ca\u0142ym \u015bwiecie jako sk\u0142adnik produkt\u00f3w spo\u017cywczych, karmy dla zwierz\u0105t domowych i w akwakulturze.\" \/>\n<meta name=\"robots\" content=\"index, follow, max-snippet:-1, max-image-preview:large, max-video-preview:-1\" \/>\n<link rel=\"canonical\" href=\"https:\/\/seedea.pl\/pl\/Offers\/konwencjonalny-zolty-groszek\/\" \/>\n<meta property=\"og:locale\" content=\"pl_PL\" \/>\n<meta property=\"og:type\" content=\"article\" \/>\n<meta property=\"og:title\" content=\"Konwencjonalny \u017c\u00f3\u0142ty groszek Seedea\" \/>\n<meta property=\"og:description\" content=\"Groch jest jedn\u0105 z najstarszych ro\u015blin uprawianych przez cz\u0142owieka. Groch jest wykorzystywany na ca\u0142ym \u015bwiecie jako sk\u0142adnik produkt\u00f3w spo\u017cywczych, karmy dla zwierz\u0105t domowych i w akwakulturze.\" \/>\n<meta property=\"og:url\" content=\"https:\/\/seedea.pl\/pl\/Offers\/konwencjonalny-zolty-groszek\/\" \/>\n<meta property=\"og:site_name\" content=\"Seedea\" \/>\n<meta property=\"og:image\" content=\"https:\/\/seedea.pl\/wp-content\/uploads\/2023\/06\/Peas-Split-Yellow-2-1024x576.png\" \/>\n\t<meta property=\"og:image:width\" content=\"1024\" \/>\n\t<meta property=\"og:image:height\" content=\"576\" \/>\n\t<meta property=\"og:image:type\" content=\"image\/png\" \/>\n<meta name=\"twitter:card\" content=\"summary_large_image\" \/>\n<script type=\"application\/ld+json\" class=\"yoast-schema-graph\">{\"@context\":\"https:\/\/schema.org\",\"@graph\":[{\"@type\":\"WebPage\",\"@id\":\"https:\/\/seedea.pl\/pl\/Offers\/konwencjonalny-zolty-groszek\/\",\"url\":\"https:\/\/seedea.pl\/pl\/Offers\/konwencjonalny-zolty-groszek\/\",\"name\":\"Konwencjonalny \u017c\u00f3\u0142ty groszek Seedea\",\"isPartOf\":{\"@id\":\"https:\/\/seedea.pl\/pl\/#website\"},\"primaryImageOfPage\":{\"@id\":\"https:\/\/seedea.pl\/pl\/Offers\/konwencjonalny-zolty-groszek\/#primaryimage\"},\"image\":{\"@id\":\"https:\/\/seedea.pl\/pl\/Offers\/konwencjonalny-zolty-groszek\/#primaryimage\"},\"thumbnailUrl\":\"https:\/\/seedea.pl\/wp-content\/uploads\/2023\/06\/Peas-Split-Yellow-2.png\",\"datePublished\":\"2025-03-26T18:30:54+00:00\",\"description\":\"Groch jest jedn\u0105 z najstarszych ro\u015blin uprawianych przez cz\u0142owieka. Groch jest wykorzystywany na ca\u0142ym \u015bwiecie jako sk\u0142adnik produkt\u00f3w spo\u017cywczych, karmy dla zwierz\u0105t domowych i w akwakulturze.\",\"breadcrumb\":{\"@id\":\"https:\/\/seedea.pl\/pl\/Offers\/konwencjonalny-zolty-groszek\/#breadcrumb\"},\"inLanguage\":\"pl-PL\",\"potentialAction\":[{\"@type\":\"ReadAction\",\"target\":[\"https:\/\/seedea.pl\/pl\/Offers\/konwencjonalny-zolty-groszek\/\"]}]},{\"@type\":\"ImageObject\",\"inLanguage\":\"pl-PL\",\"@id\":\"https:\/\/seedea.pl\/pl\/Offers\/konwencjonalny-zolty-groszek\/#primaryimage\",\"url\":\"https:\/\/seedea.pl\/wp-content\/uploads\/2023\/06\/Peas-Split-Yellow-2.png\",\"contentUrl\":\"https:\/\/seedea.pl\/wp-content\/uploads\/2023\/06\/Peas-Split-Yellow-2.png\",\"width\":1920,\"height\":1080,\"caption\":\"Organiczny \u017c\u00f3\u0142ty groch \u0142uskany, bogaty w b\u0142onnik i bia\u0142ko\"},{\"@type\":\"BreadcrumbList\",\"@id\":\"https:\/\/seedea.pl\/pl\/Offers\/konwencjonalny-zolty-groszek\/#breadcrumb\",\"itemListElement\":[{\"@type\":\"ListItem\",\"position\":1,\"name\":\"Home\",\"item\":\"https:\/\/seedea.pl\/pl\/\"},{\"@type\":\"ListItem\",\"position\":2,\"name\":\"Sklep\",\"item\":\"https:\/\/seedea.pl\/pl\/sklep\/\"},{\"@type\":\"ListItem\",\"position\":3,\"name\":\"Konwencjonalny \u017c\u00f3\u0142ty groszek dzielony\"}]},{\"@type\":\"WebSite\",\"@id\":\"https:\/\/seedea.pl\/pl\/#website\",\"url\":\"https:\/\/seedea.pl\/pl\/\",\"name\":\"Seedea\",\"description\":\"Organic and Gluten-Free Ingredients for B2B\",\"publisher\":{\"@id\":\"https:\/\/seedea.pl\/pl\/#organization\"},\"potentialAction\":[{\"@type\":\"SearchAction\",\"target\":{\"@type\":\"EntryPoint\",\"urlTemplate\":\"https:\/\/seedea.pl\/pl\/?s={search_term_string}\"},\"query-input\":{\"@type\":\"PropertyValueSpecification\",\"valueRequired\":true,\"valueName\":\"search_term_string\"}}],\"inLanguage\":\"pl-PL\"},{\"@type\":\"Organization\",\"@id\":\"https:\/\/seedea.pl\/pl\/#organization\",\"name\":\"Seedea\",\"url\":\"https:\/\/seedea.pl\/pl\/\",\"logo\":{\"@type\":\"ImageObject\",\"inLanguage\":\"pl-PL\",\"@id\":\"https:\/\/seedea.pl\/pl\/#\/schema\/logo\/image\/\",\"url\":\"https:\/\/seedea.pl\/wp-content\/uploads\/2023\/05\/SEEDEA_LOGO_LOGO-01.svg\",\"contentUrl\":\"https:\/\/seedea.pl\/wp-content\/uploads\/2023\/05\/SEEDEA_LOGO_LOGO-01.svg\",\"caption\":\"Seedea\"},\"image\":{\"@id\":\"https:\/\/seedea.pl\/pl\/#\/schema\/logo\/image\/\"}}]}<\/script>\n<!-- \/ Yoast SEO plugin. -->","yoast_head_json":{"title":"Konwencjonalny \u017c\u00f3\u0142ty groszek Seedea","description":"Groch jest jedn\u0105 z najstarszych ro\u015blin uprawianych przez cz\u0142owieka. Groch jest wykorzystywany na ca\u0142ym \u015bwiecie jako sk\u0142adnik produkt\u00f3w spo\u017cywczych, karmy dla zwierz\u0105t domowych i w akwakulturze.","robots":{"index":"index","follow":"follow","max-snippet":"max-snippet:-1","max-image-preview":"max-image-preview:large","max-video-preview":"max-video-preview:-1"},"canonical":"https:\/\/seedea.pl\/pl\/Offers\/konwencjonalny-zolty-groszek\/","og_locale":"pl_PL","og_type":"article","og_title":"Konwencjonalny \u017c\u00f3\u0142ty groszek Seedea","og_description":"Groch jest jedn\u0105 z najstarszych ro\u015blin uprawianych przez cz\u0142owieka. Groch jest wykorzystywany na ca\u0142ym \u015bwiecie jako sk\u0142adnik produkt\u00f3w spo\u017cywczych, karmy dla zwierz\u0105t domowych i w akwakulturze.","og_url":"https:\/\/seedea.pl\/pl\/Offers\/konwencjonalny-zolty-groszek\/","og_site_name":"Seedea","og_image":[{"width":1024,"height":576,"url":"https:\/\/seedea.pl\/wp-content\/uploads\/2023\/06\/Peas-Split-Yellow-2-1024x576.png","type":"image\/png"}],"twitter_card":"summary_large_image","schema":{"@context":"https:\/\/schema.org","@graph":[{"@type":"WebPage","@id":"https:\/\/seedea.pl\/pl\/Offers\/konwencjonalny-zolty-groszek\/","url":"https:\/\/seedea.pl\/pl\/Offers\/konwencjonalny-zolty-groszek\/","name":"Konwencjonalny \u017c\u00f3\u0142ty groszek Seedea","isPartOf":{"@id":"https:\/\/seedea.pl\/pl\/#website"},"primaryImageOfPage":{"@id":"https:\/\/seedea.pl\/pl\/Offers\/konwencjonalny-zolty-groszek\/#primaryimage"},"image":{"@id":"https:\/\/seedea.pl\/pl\/Offers\/konwencjonalny-zolty-groszek\/#primaryimage"},"thumbnailUrl":"https:\/\/seedea.pl\/wp-content\/uploads\/2023\/06\/Peas-Split-Yellow-2.png","datePublished":"2025-03-26T18:30:54+00:00","description":"Groch jest jedn\u0105 z najstarszych ro\u015blin uprawianych przez cz\u0142owieka. Groch jest wykorzystywany na ca\u0142ym \u015bwiecie jako sk\u0142adnik produkt\u00f3w spo\u017cywczych, karmy dla zwierz\u0105t domowych i w akwakulturze.","breadcrumb":{"@id":"https:\/\/seedea.pl\/pl\/Offers\/konwencjonalny-zolty-groszek\/#breadcrumb"},"inLanguage":"pl-PL","potentialAction":[{"@type":"ReadAction","target":["https:\/\/seedea.pl\/pl\/Offers\/konwencjonalny-zolty-groszek\/"]}]},{"@type":"ImageObject","inLanguage":"pl-PL","@id":"https:\/\/seedea.pl\/pl\/Offers\/konwencjonalny-zolty-groszek\/#primaryimage","url":"https:\/\/seedea.pl\/wp-content\/uploads\/2023\/06\/Peas-Split-Yellow-2.png","contentUrl":"https:\/\/seedea.pl\/wp-content\/uploads\/2023\/06\/Peas-Split-Yellow-2.png","width":1920,"height":1080,"caption":"Organiczny \u017c\u00f3\u0142ty groch \u0142uskany, bogaty w b\u0142onnik i bia\u0142ko"},{"@type":"BreadcrumbList","@id":"https:\/\/seedea.pl\/pl\/Offers\/konwencjonalny-zolty-groszek\/#breadcrumb","itemListElement":[{"@type":"ListItem","position":1,"name":"Home","item":"https:\/\/seedea.pl\/pl\/"},{"@type":"ListItem","position":2,"name":"Sklep","item":"https:\/\/seedea.pl\/pl\/sklep\/"},{"@type":"ListItem","position":3,"name":"Konwencjonalny \u017c\u00f3\u0142ty groszek dzielony"}]},{"@type":"WebSite","@id":"https:\/\/seedea.pl\/pl\/#website","url":"https:\/\/seedea.pl\/pl\/","name":"Seedea","description":"Organic and Gluten-Free Ingredients for B2B","publisher":{"@id":"https:\/\/seedea.pl\/pl\/#organization"},"potentialAction":[{"@type":"SearchAction","target":{"@type":"EntryPoint","urlTemplate":"https:\/\/seedea.pl\/pl\/?s={search_term_string}"},"query-input":{"@type":"PropertyValueSpecification","valueRequired":true,"valueName":"search_term_string"}}],"inLanguage":"pl-PL"},{"@type":"Organization","@id":"https:\/\/seedea.pl\/pl\/#organization","name":"Seedea","url":"https:\/\/seedea.pl\/pl\/","logo":{"@type":"ImageObject","inLanguage":"pl-PL","@id":"https:\/\/seedea.pl\/pl\/#\/schema\/logo\/image\/","url":"https:\/\/seedea.pl\/wp-content\/uploads\/2023\/05\/SEEDEA_LOGO_LOGO-01.svg","contentUrl":"https:\/\/seedea.pl\/wp-content\/uploads\/2023\/05\/SEEDEA_LOGO_LOGO-01.svg","caption":"Seedea"},"image":{"@id":"https:\/\/seedea.pl\/pl\/#\/schema\/logo\/image\/"}}]}},"_links":{"self":[{"href":"https:\/\/seedea.pl\/pl\/wp-json\/wp\/v2\/product\/10955","targetHints":{"allow":["GET"]}}],"collection":[{"href":"https:\/\/seedea.pl\/pl\/wp-json\/wp\/v2\/product"}],"about":[{"href":"https:\/\/seedea.pl\/pl\/wp-json\/wp\/v2\/types\/product"}],"replies":[{"embeddable":true,"href":"https:\/\/seedea.pl\/pl\/wp-json\/wp\/v2\/comments?post=10955"}],"wp:featuredmedia":[{"embeddable":true,"href":"https:\/\/seedea.pl\/pl\/wp-json\/wp\/v2\/media\/10956"}],"wp:attachment":[{"href":"https:\/\/seedea.pl\/pl\/wp-json\/wp\/v2\/media?parent=10955"}],"wp:term":[{"taxonomy":"product_brand","embeddable":true,"href":"https:\/\/seedea.pl\/pl\/wp-json\/wp\/v2\/product_brand?post=10955"},{"taxonomy":"product_cat","embeddable":true,"href":"https:\/\/seedea.pl\/pl\/wp-json\/wp\/v2\/product_cat?post=10955"},{"taxonomy":"product_tag","embeddable":true,"href":"https:\/\/seedea.pl\/pl\/wp-json\/wp\/v2\/product_tag?post=10955"},{"taxonomy":"subcategory","embeddable":true,"href":"https:\/\/seedea.pl\/pl\/wp-json\/wp\/v2\/subcategory?post=10955"}],"curies":[{"name":"wp","href":"https:\/\/api.w.org\/{rel}","templated":true}]}}