{"id":10709,"date":"2023-07-13T10:48:30","date_gmt":"2023-07-13T10:48:30","guid":{"rendered":"https:\/\/seedea.pl\/kontakt\/"},"modified":"2025-09-17T20:13:36","modified_gmt":"2025-09-17T20:13:36","slug":"kontakt","status":"publish","type":"page","link":"https:\/\/seedea.pl\/pl\/kontakt\/","title":{"rendered":"Kontakt"},"content":{"rendered":"\t\t<div data-elementor-type=\"wp-page\" data-elementor-id=\"10709\" class=\"elementor elementor-10709 elementor-3376\" data-elementor-post-type=\"page\">\n\t\t\t\t<div class=\"elementor-element elementor-element-da01c2a e-flex e-con-boxed e-con e-parent\" data-id=\"da01c2a\" data-element_type=\"container\" data-settings=\"{&quot;background_background&quot;:&quot;classic&quot;,&quot;jet_parallax_layout_list&quot;:[]}\">\n\t\t\t\t\t<div class=\"e-con-inner\">\n\t\t<div class=\"elementor-element elementor-element-f264d65 e-con-full e-flex e-con e-parent\" data-id=\"f264d65\" data-element_type=\"container\" data-settings=\"{&quot;jet_parallax_layout_list&quot;:[]}\">\n\t\t\t\t<div class=\"elementor-element elementor-element-93d199e elementor-widget elementor-widget-heading\" data-id=\"93d199e\" data-element_type=\"widget\" data-widget_type=\"heading.default\">\n\t\t\t\t<div class=\"elementor-widget-container\">\n\t\t\t\t\t<h1 class=\"elementor-heading-title elementor-size-default\">Zacznijmy od rozmowy<\/h1>\t\t\t\t<\/div>\n\t\t\t\t<\/div>\n\t\t\t\t<div class=\"elementor-element elementor-element-c3dee2b elementor-widget elementor-widget-text-editor\" data-id=\"c3dee2b\" data-element_type=\"widget\" data-widget_type=\"text-editor.default\">\n\t\t\t\t<div class=\"elementor-widget-container\">\n\t\t\t\t\t\t\t\t\t<p>Skontaktujemy si\u0119 z Tob\u0105 w ci\u0105gu 30 minut<\/p>\t\t\t\t\t\t\t\t<\/div>\n\t\t\t\t<\/div>\n\t\t\t\t<div class=\"elementor-element elementor-element-59b3018 elementor-button-align-start elementor-widget__width-initial elementor-widget elementor-widget-form\" data-id=\"59b3018\" data-element_type=\"widget\" data-settings=\"{&quot;step_next_label&quot;:&quot;Nast\\u0119pny&quot;,&quot;step_previous_label&quot;:&quot;Poprzedni&quot;,&quot;button_width&quot;:&quot;100&quot;,&quot;step_type&quot;:&quot;number_text&quot;,&quot;step_icon_shape&quot;:&quot;circle&quot;}\" data-widget_type=\"form.default\">\n\t\t\t\t<div class=\"elementor-widget-container\">\n\t\t\t\t\t\t\t<form class=\"elementor-form\" method=\"post\" name=\"Nowy formularz\" aria-label=\"Nowy formularz\">\n\t\t\t<input type=\"hidden\" name=\"post_id\" value=\"10709\"\/>\n\t\t\t<input type=\"hidden\" name=\"form_id\" value=\"59b3018\"\/>\n\t\t\t<input type=\"hidden\" name=\"referer_title\" value=\"Seedea\" \/>\n\n\t\t\t\n\t\t\t<div class=\"elementor-form-fields-wrapper elementor-labels-\">\n\t\t\t\t\t\t\t\t<div class=\"elementor-field-type-email elementor-field-group elementor-column elementor-field-group-field_46f7c8e elementor-col-100 elementor-field-required\">\n\t\t\t\t\t\t\t\t\t\t\t\t<label for=\"form-field-field_46f7c8e\" class=\"elementor-field-label elementor-screen-only\">\n\t\t\t\t\t\t\t\tE-mail\t\t\t\t\t\t\t<\/label>\n\t\t\t\t\t\t\t\t\t\t\t\t\t\t<input size=\"1\" type=\"email\" name=\"form_fields[field_46f7c8e]\" id=\"form-field-field_46f7c8e\" class=\"elementor-field elementor-size-sm  elementor-field-textual\" placeholder=\"Firmowy adres e-mail\" required=\"required\">\n\t\t\t\t\t\t\t\t\t\t\t<\/div>\n\t\t\t\t\t\t\t\t<div class=\"elementor-field-type-select elementor-field-group elementor-column elementor-field-group-field_85a3914 elementor-col-100 elementor-field-required\">\n\t\t\t\t\t\t\t<div class=\"elementor-field elementor-select-wrapper remove-before \">\n\t\t\t<div class=\"select-caret-down-wrapper\">\n\t\t\t\t<svg aria-hidden=\"true\" class=\"e-font-icon-svg e-eicon-caret-down\" viewBox=\"0 0 571.4 571.4\" xmlns=\"http:\/\/www.w3.org\/2000\/svg\"><path d=\"M571 393Q571 407 561 418L311 668Q300 679 286 679T261 668L11 418Q0 407 0 393T11 368 36 357H536Q550 357 561 368T571 393Z\"><\/path><\/svg>\t\t\t<\/div>\n\t\t\t<select name=\"form_fields[field_85a3914]\" id=\"form-field-field_85a3914\" class=\"elementor-field-textual elementor-size-sm\" required=\"required\">\n\t\t\t\t\t\t\t\t\t<option value=\"Jestem kupuj\u0105cym\">Jestem kupuj\u0105cym<\/option>\n\t\t\t\t\t\t\t\t\t<option value=\"Jestem dostawc\u0105\">Jestem dostawc\u0105<\/option>\n\t\t\t\t\t\t\t<\/select>\n\t\t<\/div>\n\t\t\t\t\t\t<\/div>\n\t\t\t\t\t\t\t\t<div class=\"elementor-field-type-tel elementor-field-group elementor-column elementor-field-group-field_457a4b5 elementor-col-100 elementor-field-required\">\n\t\t\t\t\t\t\t\t\t\t\t\t<label for=\"form-field-field_457a4b5\" class=\"elementor-field-label elementor-screen-only\">\n\t\t\t\t\t\t\t\tE-mail\t\t\t\t\t\t\t<\/label>\n\t\t\t\t\t\t\t\t<input size=\"1\" type=\"tel\" name=\"form_fields[field_457a4b5]\" id=\"form-field-field_457a4b5\" class=\"elementor-field elementor-size-sm  elementor-field-textual\" placeholder=\"Numer telefonu\" required=\"required\" pattern=\"[0-9()#&amp;+*-=.]+\" title=\"Akceptowane s\u0105 jedynie cyfry i znaki telefoniczne (#,-,*).\">\n\n\t\t\t\t\t\t<\/div>\n\t\t\t\t\t\t\t\t<div class=\"elementor-field-type-textarea elementor-field-group elementor-column elementor-field-group-message elementor-col-100\">\n\t\t\t\t\t\t\t\t\t\t\t\t<label for=\"form-field-message\" class=\"elementor-field-label elementor-screen-only\">\n\t\t\t\t\t\t\t\tWiadomo\u015b\u0107\t\t\t\t\t\t\t<\/label>\n\t\t\t\t\t\t<textarea class=\"elementor-field-textual elementor-field  elementor-size-sm\" name=\"form_fields[message]\" id=\"form-field-message\" rows=\"4\" placeholder=\"Temat rozmowy\"><\/textarea>\t\t\t\t<\/div>\n\t\t\t\t\t\t\t\t<div class=\"elementor-field-type-acceptance elementor-field-group elementor-column elementor-field-group-field_9121580 elementor-col-100 elementor-field-required\">\n\t\t\t\t\t\t\t<div class=\"elementor-field-subgroup\">\n\t\t\t<span class=\"elementor-field-option\">\n\t\t\t\t<input type=\"checkbox\" name=\"form_fields[field_9121580]\" id=\"form-field-field_9121580\" class=\"elementor-field elementor-size-sm  elementor-acceptance-field\" required=\"required\">\n\t\t\t\t<label for=\"form-field-field_9121580\">Zapozna\u0142em si\u0119 i akceptuj\u0119 postanowienia Polityki Prywatno\u015bci, a swoje dane kontaktowe pozostawiam \u015bwiadomie i dobrowolnie. Mam \u015bwiadomo\u015b\u0107, \u017ce mog\u0119 \u017c\u0105da\u0107 sprostowania moich danych osobowych, ograniczenia ich przetwarzania lub ich usuni\u0119cia.<\/label>\t\t\t<\/span>\n\t\t<\/div>\n\t\t\t\t\t\t<\/div>\n\t\t\t\t\t\t\t\t<div class=\"elementor-field-type-acceptance elementor-field-group elementor-column elementor-field-group-field_b880516 elementor-col-100\">\n\t\t\t\t\t\t\t<div class=\"elementor-field-subgroup\">\n\t\t\t<span class=\"elementor-field-option\">\n\t\t\t\t<input type=\"checkbox\" name=\"form_fields[field_b880516]\" id=\"form-field-field_b880516\" class=\"elementor-field elementor-size-sm  elementor-acceptance-field\">\n\t\t\t\t<label for=\"form-field-field_b880516\">Wyra\u017cam zgod\u0119 na przetwarzanie moich danych osobowych podanych w formularzu przez Ittelia Foods Sp. z o.o.<\/label>\t\t\t<\/span>\n\t\t<\/div>\n\t\t\t\t\t\t<\/div>\n\t\t\t\t\t\t\t\t<div class=\"elementor-field-type-recaptcha_v3 elementor-field-group elementor-column elementor-field-group-field_a54ea44 elementor-col-100 recaptcha_v3-bottomright\">\n\t\t\t\t\t<div class=\"elementor-field\" id=\"form-field-field_a54ea44\"><div class=\"elementor-g-recaptcha\" data-sitekey=\"6LcVLLInAAAAAN2dRfCkYtO8HK_4weJhiuwIORv4\" data-type=\"v3\" data-action=\"Form\" data-badge=\"bottomright\" data-size=\"invisible\"><\/div><\/div>\t\t\t\t<\/div>\n\t\t\t\t\t\t\t\t<div class=\"elementor-field-group elementor-column elementor-field-type-submit elementor-col-100 e-form__buttons\">\n\t\t\t\t\t<button class=\"elementor-button elementor-size-sm\" type=\"submit\">\n\t\t\t\t\t\t<span class=\"elementor-button-content-wrapper\">\n\t\t\t\t\t\t\t\t\t\t\t\t\t\t\t<span class=\"elementor-button-icon\">\n\t\t\t\t\t\t\t\t\t<svg xmlns=\"http:\/\/www.w3.org\/2000\/svg\" width=\"13\" height=\"9\" viewBox=\"0 0 13 9\" fill=\"none\"><path d=\"M0.406122 4.26449H10.5341L7.87812 0.616488H9.11012L12.2301 4.80849L9.11012 8.96849H7.87812L10.5341 5.33649H0.406122V4.26449Z\" fill=\"#1C1B1A\"><\/path><\/svg>\t\t\t\t\t\t\t\t\t\t\t\t\t\t\t\t\t<\/span>\n\t\t\t\t\t\t\t\t\t\t\t\t\t\t\t\t\t\t\t\t\t\t<span class=\"elementor-button-text\">Wy\u015blij<\/span>\n\t\t\t\t\t\t\t\t\t\t\t\t\t<\/span>\n\t\t\t\t\t<\/button>\n\t\t\t\t<\/div>\n\t\t\t<\/div>\n\t\t<\/form>\n\t\t\t\t\t\t<\/div>\n\t\t\t\t<\/div>\n\t\t\t\t<\/div>\n\t\t<div class=\"elementor-element elementor-element-9744095 e-flex e-con-boxed e-con e-parent\" data-id=\"9744095\" data-element_type=\"container\" data-settings=\"{&quot;jet_parallax_layout_list&quot;:[]}\">\n\t\t\t\t\t<div class=\"e-con-inner\">\n\t\t\t\t<div class=\"elementor-element elementor-element-850f95d elementor-widget elementor-widget-image\" data-id=\"850f95d\" data-element_type=\"widget\" data-widget_type=\"image.default\">\n\t\t\t\t<div class=\"elementor-widget-container\">\n\t\t\t\t\t\t\t\t\t\t\t\t\t\t\t<img fetchpriority=\"high\" decoding=\"async\" width=\"400\" height=\"773\" src=\"https:\/\/seedea.pl\/wp-content\/uploads\/2023\/05\/footer-back.png\" class=\"attachment-large size-large wp-image-10726\" alt=\"\" srcset=\"https:\/\/seedea.pl\/wp-content\/uploads\/2023\/05\/footer-back.png 400w, https:\/\/seedea.pl\/wp-content\/uploads\/2023\/05\/footer-back-155x300.png 155w\" sizes=\"(max-width: 400px) 100vw, 400px\" \/>\t\t\t\t\t\t\t\t\t\t\t\t\t\t\t<\/div>\n\t\t\t\t<\/div>\n\t\t\t\t\t<\/div>\n\t\t\t\t<\/div>\n\t\t\t\t\t<\/div>\n\t\t\t\t<\/div>\n\t\t\t\t<\/div>\n\t\t","protected":false},"excerpt":{"rendered":"<p>Zacznijmy od rozmowy Skontaktujemy si\u0119 z Tob\u0105 w ci\u0105gu 30 minut<\/p>\n","protected":false},"author":10,"featured_media":0,"parent":0,"menu_order":0,"comment_status":"closed","ping_status":"closed","template":"elementor_header_footer","meta":{"footnotes":""},"class_list":["post-10709","page","type-page","status-publish","hentry"],"yoast_head":"<!-- This site is optimized with the Yoast SEO plugin v25.9 - https:\/\/yoast.com\/wordpress\/plugins\/seo\/ -->\n<title>Kontakt - Seedea Konwencjonalne i organiczne sk\u0142adniki \u017cywno\u015bci<\/title>\n<meta name=\"description\" content=\"Seedea jest dostawc\u0105 ekologicznych i konwencjonalnych sk\u0142adnik\u00f3w \u017cywno\u015bci. Specjalizujemy si\u0119 w \u0142\u0105czeniu dostawc\u00f3w i nabywc\u00f3w na rynku B2B sk\u0142adnik\u00f3w \u017cywno\u015bci\" \/>\n<meta name=\"robots\" content=\"index, follow, max-snippet:-1, max-image-preview:large, max-video-preview:-1\" \/>\n<link rel=\"canonical\" href=\"https:\/\/seedea.pl\/pl\/kontakt\/\" \/>\n<meta property=\"og:locale\" content=\"pl_PL\" \/>\n<meta property=\"og:type\" content=\"article\" \/>\n<meta property=\"og:title\" content=\"Kontakt - Seedea Konwencjonalne i organiczne sk\u0142adniki \u017cywno\u015bci\" \/>\n<meta property=\"og:description\" content=\"Seedea jest dostawc\u0105 ekologicznych i konwencjonalnych sk\u0142adnik\u00f3w \u017cywno\u015bci. Specjalizujemy si\u0119 w \u0142\u0105czeniu dostawc\u00f3w i nabywc\u00f3w na rynku B2B sk\u0142adnik\u00f3w \u017cywno\u015bci\" \/>\n<meta property=\"og:url\" content=\"https:\/\/seedea.pl\/pl\/kontakt\/\" \/>\n<meta property=\"og:site_name\" content=\"Seedea\" \/>\n<meta property=\"article:modified_time\" content=\"2025-09-17T20:13:36+00:00\" \/>\n<meta property=\"og:image\" content=\"https:\/\/seedea.pl\/wp-content\/uploads\/2023\/05\/footer-back.png\" \/>\n\t<meta property=\"og:image:width\" content=\"400\" \/>\n\t<meta property=\"og:image:height\" content=\"773\" \/>\n\t<meta property=\"og:image:type\" content=\"image\/png\" \/>\n<meta name=\"twitter:card\" content=\"summary_large_image\" \/>\n<script type=\"application\/ld+json\" class=\"yoast-schema-graph\">{\"@context\":\"https:\/\/schema.org\",\"@graph\":[{\"@type\":\"WebPage\",\"@id\":\"https:\/\/seedea.pl\/pl\/kontakt\/\",\"url\":\"https:\/\/seedea.pl\/pl\/kontakt\/\",\"name\":\"Kontakt - Seedea Konwencjonalne i organiczne sk\u0142adniki \u017cywno\u015bci\",\"isPartOf\":{\"@id\":\"https:\/\/seedea.pl\/pl\/#website\"},\"primaryImageOfPage\":{\"@id\":\"https:\/\/seedea.pl\/pl\/kontakt\/#primaryimage\"},\"image\":{\"@id\":\"https:\/\/seedea.pl\/pl\/kontakt\/#primaryimage\"},\"thumbnailUrl\":\"https:\/\/seedea.pl\/wp-content\/uploads\/2023\/05\/footer-back.png\",\"datePublished\":\"2023-07-13T10:48:30+00:00\",\"dateModified\":\"2025-09-17T20:13:36+00:00\",\"description\":\"Seedea jest dostawc\u0105 ekologicznych i konwencjonalnych sk\u0142adnik\u00f3w \u017cywno\u015bci. Specjalizujemy si\u0119 w \u0142\u0105czeniu dostawc\u00f3w i nabywc\u00f3w na rynku B2B sk\u0142adnik\u00f3w \u017cywno\u015bci\",\"breadcrumb\":{\"@id\":\"https:\/\/seedea.pl\/pl\/kontakt\/#breadcrumb\"},\"inLanguage\":\"pl-PL\",\"potentialAction\":[{\"@type\":\"ReadAction\",\"target\":[\"https:\/\/seedea.pl\/pl\/kontakt\/\"]}]},{\"@type\":\"ImageObject\",\"inLanguage\":\"pl-PL\",\"@id\":\"https:\/\/seedea.pl\/pl\/kontakt\/#primaryimage\",\"url\":\"https:\/\/seedea.pl\/wp-content\/uploads\/2023\/05\/footer-back.png\",\"contentUrl\":\"https:\/\/seedea.pl\/wp-content\/uploads\/2023\/05\/footer-back.png\"},{\"@type\":\"BreadcrumbList\",\"@id\":\"https:\/\/seedea.pl\/pl\/kontakt\/#breadcrumb\",\"itemListElement\":[{\"@type\":\"ListItem\",\"position\":1,\"name\":\"Home\",\"item\":\"https:\/\/seedea.pl\/pl\/\"},{\"@type\":\"ListItem\",\"position\":2,\"name\":\"Kontakt\"}]},{\"@type\":\"WebSite\",\"@id\":\"https:\/\/seedea.pl\/pl\/#website\",\"url\":\"https:\/\/seedea.pl\/pl\/\",\"name\":\"Seedea\",\"description\":\"Organic and Gluten-Free Ingredients for B2B\",\"publisher\":{\"@id\":\"https:\/\/seedea.pl\/pl\/#organization\"},\"potentialAction\":[{\"@type\":\"SearchAction\",\"target\":{\"@type\":\"EntryPoint\",\"urlTemplate\":\"https:\/\/seedea.pl\/pl\/?s={search_term_string}\"},\"query-input\":{\"@type\":\"PropertyValueSpecification\",\"valueRequired\":true,\"valueName\":\"search_term_string\"}}],\"inLanguage\":\"pl-PL\"},{\"@type\":\"Organization\",\"@id\":\"https:\/\/seedea.pl\/pl\/#organization\",\"name\":\"Seedea\",\"url\":\"https:\/\/seedea.pl\/pl\/\",\"logo\":{\"@type\":\"ImageObject\",\"inLanguage\":\"pl-PL\",\"@id\":\"https:\/\/seedea.pl\/pl\/#\/schema\/logo\/image\/\",\"url\":\"https:\/\/seedea.pl\/wp-content\/uploads\/2023\/05\/SEEDEA_LOGO_LOGO-01.svg\",\"contentUrl\":\"https:\/\/seedea.pl\/wp-content\/uploads\/2023\/05\/SEEDEA_LOGO_LOGO-01.svg\",\"caption\":\"Seedea\"},\"image\":{\"@id\":\"https:\/\/seedea.pl\/pl\/#\/schema\/logo\/image\/\"}}]}<\/script>\n<!-- \/ Yoast SEO plugin. -->","yoast_head_json":{"title":"Kontakt - Seedea Konwencjonalne i organiczne sk\u0142adniki \u017cywno\u015bci","description":"Seedea jest dostawc\u0105 ekologicznych i konwencjonalnych sk\u0142adnik\u00f3w \u017cywno\u015bci. Specjalizujemy si\u0119 w \u0142\u0105czeniu dostawc\u00f3w i nabywc\u00f3w na rynku B2B sk\u0142adnik\u00f3w \u017cywno\u015bci","robots":{"index":"index","follow":"follow","max-snippet":"max-snippet:-1","max-image-preview":"max-image-preview:large","max-video-preview":"max-video-preview:-1"},"canonical":"https:\/\/seedea.pl\/pl\/kontakt\/","og_locale":"pl_PL","og_type":"article","og_title":"Kontakt - Seedea Konwencjonalne i organiczne sk\u0142adniki \u017cywno\u015bci","og_description":"Seedea jest dostawc\u0105 ekologicznych i konwencjonalnych sk\u0142adnik\u00f3w \u017cywno\u015bci. Specjalizujemy si\u0119 w \u0142\u0105czeniu dostawc\u00f3w i nabywc\u00f3w na rynku B2B sk\u0142adnik\u00f3w \u017cywno\u015bci","og_url":"https:\/\/seedea.pl\/pl\/kontakt\/","og_site_name":"Seedea","article_modified_time":"2025-09-17T20:13:36+00:00","og_image":[{"width":400,"height":773,"url":"https:\/\/seedea.pl\/wp-content\/uploads\/2023\/05\/footer-back.png","type":"image\/png"}],"twitter_card":"summary_large_image","schema":{"@context":"https:\/\/schema.org","@graph":[{"@type":"WebPage","@id":"https:\/\/seedea.pl\/pl\/kontakt\/","url":"https:\/\/seedea.pl\/pl\/kontakt\/","name":"Kontakt - Seedea Konwencjonalne i organiczne sk\u0142adniki \u017cywno\u015bci","isPartOf":{"@id":"https:\/\/seedea.pl\/pl\/#website"},"primaryImageOfPage":{"@id":"https:\/\/seedea.pl\/pl\/kontakt\/#primaryimage"},"image":{"@id":"https:\/\/seedea.pl\/pl\/kontakt\/#primaryimage"},"thumbnailUrl":"https:\/\/seedea.pl\/wp-content\/uploads\/2023\/05\/footer-back.png","datePublished":"2023-07-13T10:48:30+00:00","dateModified":"2025-09-17T20:13:36+00:00","description":"Seedea jest dostawc\u0105 ekologicznych i konwencjonalnych sk\u0142adnik\u00f3w \u017cywno\u015bci. Specjalizujemy si\u0119 w \u0142\u0105czeniu dostawc\u00f3w i nabywc\u00f3w na rynku B2B sk\u0142adnik\u00f3w \u017cywno\u015bci","breadcrumb":{"@id":"https:\/\/seedea.pl\/pl\/kontakt\/#breadcrumb"},"inLanguage":"pl-PL","potentialAction":[{"@type":"ReadAction","target":["https:\/\/seedea.pl\/pl\/kontakt\/"]}]},{"@type":"ImageObject","inLanguage":"pl-PL","@id":"https:\/\/seedea.pl\/pl\/kontakt\/#primaryimage","url":"https:\/\/seedea.pl\/wp-content\/uploads\/2023\/05\/footer-back.png","contentUrl":"https:\/\/seedea.pl\/wp-content\/uploads\/2023\/05\/footer-back.png"},{"@type":"BreadcrumbList","@id":"https:\/\/seedea.pl\/pl\/kontakt\/#breadcrumb","itemListElement":[{"@type":"ListItem","position":1,"name":"Home","item":"https:\/\/seedea.pl\/pl\/"},{"@type":"ListItem","position":2,"name":"Kontakt"}]},{"@type":"WebSite","@id":"https:\/\/seedea.pl\/pl\/#website","url":"https:\/\/seedea.pl\/pl\/","name":"Seedea","description":"Organic and Gluten-Free Ingredients for B2B","publisher":{"@id":"https:\/\/seedea.pl\/pl\/#organization"},"potentialAction":[{"@type":"SearchAction","target":{"@type":"EntryPoint","urlTemplate":"https:\/\/seedea.pl\/pl\/?s={search_term_string}"},"query-input":{"@type":"PropertyValueSpecification","valueRequired":true,"valueName":"search_term_string"}}],"inLanguage":"pl-PL"},{"@type":"Organization","@id":"https:\/\/seedea.pl\/pl\/#organization","name":"Seedea","url":"https:\/\/seedea.pl\/pl\/","logo":{"@type":"ImageObject","inLanguage":"pl-PL","@id":"https:\/\/seedea.pl\/pl\/#\/schema\/logo\/image\/","url":"https:\/\/seedea.pl\/wp-content\/uploads\/2023\/05\/SEEDEA_LOGO_LOGO-01.svg","contentUrl":"https:\/\/seedea.pl\/wp-content\/uploads\/2023\/05\/SEEDEA_LOGO_LOGO-01.svg","caption":"Seedea"},"image":{"@id":"https:\/\/seedea.pl\/pl\/#\/schema\/logo\/image\/"}}]}},"_links":{"self":[{"href":"https:\/\/seedea.pl\/pl\/wp-json\/wp\/v2\/pages\/10709","targetHints":{"allow":["GET"]}}],"collection":[{"href":"https:\/\/seedea.pl\/pl\/wp-json\/wp\/v2\/pages"}],"about":[{"href":"https:\/\/seedea.pl\/pl\/wp-json\/wp\/v2\/types\/page"}],"author":[{"embeddable":true,"href":"https:\/\/seedea.pl\/pl\/wp-json\/wp\/v2\/users\/10"}],"replies":[{"embeddable":true,"href":"https:\/\/seedea.pl\/pl\/wp-json\/wp\/v2\/comments?post=10709"}],"version-history":[{"count":1,"href":"https:\/\/seedea.pl\/pl\/wp-json\/wp\/v2\/pages\/10709\/revisions"}],"predecessor-version":[{"id":10758,"href":"https:\/\/seedea.pl\/pl\/wp-json\/wp\/v2\/pages\/10709\/revisions\/10758"}],"wp:attachment":[{"href":"https:\/\/seedea.pl\/pl\/wp-json\/wp\/v2\/media?parent=10709"}],"curies":[{"name":"wp","href":"https:\/\/api.w.org\/{rel}","templated":true}]}}