{"id":10707,"date":"2024-02-04T21:01:32","date_gmt":"2024-02-04T21:01:32","guid":{"rendered":"https:\/\/seedea.pl\/newsletter-policy\/"},"modified":"2025-09-17T20:13:36","modified_gmt":"2025-09-17T20:13:36","slug":"newsletter-policy","status":"publish","type":"page","link":"https:\/\/seedea.pl\/pl\/newsletter-policy\/","title":{"rendered":"Polityka dotycz\u0105ca biuletyn\u00f3w"},"content":{"rendered":"\t\t<div data-elementor-type=\"wp-page\" data-elementor-id=\"10707\" class=\"elementor elementor-10707 elementor-5442\" data-elementor-post-type=\"page\">\n\t\t\t\t<div class=\"elementor-element elementor-element-0afdeae e-flex e-con-boxed e-con e-parent\" data-id=\"0afdeae\" data-element_type=\"container\" data-settings=\"{&quot;background_background&quot;:&quot;classic&quot;,&quot;jet_parallax_layout_list&quot;:[]}\">\n\t\t\t\t\t<div class=\"e-con-inner\">\n\t\t<div class=\"elementor-element elementor-element-0731562 e-con-full hero1 e-flex e-con e-parent\" data-id=\"0731562\" data-element_type=\"container\" data-settings=\"{&quot;jet_parallax_layout_list&quot;:[]}\">\n\t\t\t\t<div class=\"elementor-element elementor-element-7b2612e elementor-widget__width-initial elementor-widget elementor-widget-heading\" data-id=\"7b2612e\" data-element_type=\"widget\" data-widget_type=\"heading.default\">\n\t\t\t\t<div class=\"elementor-widget-container\">\n\t\t\t\t\t<h2 class=\"elementor-heading-title elementor-size-default\">Polityka dotycz\u0105ca biuletyn\u00f3w<\/h2>\t\t\t\t<\/div>\n\t\t\t\t<\/div>\n\t\t\t\t<\/div>\n\t\t<div class=\"elementor-element elementor-element-0f3df4e e-con-full e-flex e-con e-parent\" data-id=\"0f3df4e\" data-element_type=\"container\" data-settings=\"{&quot;jet_parallax_layout_list&quot;:[]}\">\n\t\t\t\t<\/div>\n\t\t\t\t\t<\/div>\n\t\t\t\t<\/div>\n\t\t<div class=\"elementor-element elementor-element-3efbe4a e-flex e-con-boxed e-con e-parent\" data-id=\"3efbe4a\" data-element_type=\"container\" data-settings=\"{&quot;jet_parallax_layout_list&quot;:[]}\">\n\t\t\t\t\t<div class=\"e-con-inner\">\n\t\t\t\t\t<\/div>\n\t\t\t\t<\/div>\n\t\t<div class=\"elementor-element elementor-element-10a6eab e-flex e-con-boxed e-con e-parent\" data-id=\"10a6eab\" data-element_type=\"container\" data-settings=\"{&quot;jet_parallax_layout_list&quot;:[]}\">\n\t\t\t\t\t<div class=\"e-con-inner\">\n\t\t\t\t<div class=\"elementor-element elementor-element-e8a98bc elementor-widget elementor-widget-text-editor\" data-id=\"e8a98bc\" data-element_type=\"widget\" data-widget_type=\"text-editor.default\">\n\t\t\t\t<div class=\"elementor-widget-container\">\n\t\t\t\t\t\t\t\t\t<h1>Polityka dotycz\u0105ca biuletyn\u00f3w<\/h1>\n<p>Ostatnia aktualizacja: 4 stycznia 2024 r.<\/p>\n<h2 style=\"font-family: 'Alliance No1', sans-serif; line-height: var( --e-global-typography-abaefbe-line-height ); color: #1c1b1a; font-size: var( --e-global-typography-abaefbe-font-size ); letter-spacing: normal; word-spacing: 0px;\">1. Definicje<\/h2>\n<p>U\u017cyte w Regulaminie okre\u015blenia oznaczaj\u0105:<\/p>\n<ol>\n<li>Us\u0142ugodawca &#8211; przedsi\u0119biorca prowadz\u0105cy dzia\u0142alno\u015b\u0107 gospodarcz\u0105 pod firm\u0105 Seedea Sp. z o.o., z siedzib\u0105 przy ul. Milionowej 4B, 93-102 \u0141\u00f3d\u017a , Polska, NIP: 7312078518, REGON: 523442440, adres poczty elektronicznej: <a href=\"mailto:contact@seedea.pl\">contact@seedea.pl<\/a><\/li>\n<li>Newsletter &#8211; tre\u015b\u0107 cyfrowa dostarczana w spos\u00f3b ci\u0105g\u0142y lub nieci\u0105g\u0142y, polegaj\u0105ca na nieodp\u0142atnym przesy\u0142aniu przez Us\u0142ugodawc\u0119 tre\u015bci o charakterze komercyjnym, promocyjnym i edukacyjnym, na zasadach okre\u015blonych w niniejszym Regulaminie.<\/li>\n<li>Formularz subskrypcji &#8211; bezp\u0142atny formularz dost\u0119pny w formie Pop-Up lub formularz rejestracyjny w Serwisie umo\u017cliwiaj\u0105cy wyra\u017cenie zgody na dostarczanie Newslettera.<\/li>\n<li>Us\u0142ugobiorca &#8211; osoba fizyczna posiadaj\u0105ca pe\u0142n\u0105 zdolno\u015b\u0107 do czynno\u015bci prawnych, osoba prawna lub jednostka organizacyjna nieposiadaj\u0105ca osobowo\u015bci prawnej, posiadaj\u0105ca zdolno\u015b\u0107 prawn\u0105, korzystaj\u0105ca z us\u0142ug i funkcjonalno\u015bci Serwisu, w tym zapisuj\u0105ca si\u0119 na Newsletter, zawieraj\u0105c tym samym z Us\u0142ugodawc\u0105 umow\u0119 o jego dostarczanie.<\/li>\n<li>Serwis &#8211; serwis internetowy prowadzony przez Us\u0142ugodawc\u0119, dost\u0119pny pod adresem: <a href=\"https:\/\/seedea.pl\/pl\/\">https:\/\/seedea.pl\/.<\/a><\/li>\n<li>Regulamin &#8211; niniejszy Regulamin.<\/li>\n<\/ol>\n<h2>2. Postanowienia og\u00f3lne<\/h2>\n<ol>\n<li>Niniejszy Regulamin okre\u015bla warunki zawierania um\u00f3w i dostarczania produkt\u00f3w i us\u0142ug cyfrowych, w tym Newslettera. Okre\u015bla prawa i obowi\u0105zki stron &#8211; Us\u0142ugodawcy i Us\u0142ugobiorcy.<\/li>\n<\/ol>\n<ol start=\"2\">\n<li>Ka\u017cdy Klient jest zobowi\u0105zany do zapoznania si\u0119 i zaakceptowania warunk\u00f3w okre\u015blonych w niniejszym Regulaminie przed zawarciem jakiejkolwiek umowy ze Sprzedawc\u0105.<\/li>\n<\/ol>\n<ol start=\"3\">\n<li>Do korzystania z Serwisu Internetowego, w tym przegl\u0105dania asortymentu Us\u0142ugodawcy oraz korzystania z Us\u0142ug Cyfrowych (w tym subskrypcji Newslettera) niezb\u0119dne jest spe\u0142nienie minimalnych wymaga\u0144 technicznych. Wymagania te obejmuj\u0105:<\/li>\n<\/ol>\n<ul>\n<li>Komputer, laptop lub inne urz\u0105dzenie multimedialne pod\u0142\u0105czone do sieci Internet,<\/li>\n<li>Przegl\u0105darka internetowa: Mozilla Firefox, Internet Explorer, Opera, Google Chrome, Safari, Microsoft Edge &#8211; zaktualizowane do najnowszych wersji,<\/li>\n<li>Przegl\u0105darka plik\u00f3w PDF, Word lub Excel,<\/li>\n<li>Aktywne konto e-mail,<\/li>\n<li>W\u0142\u0105czenie w przegl\u0105darce mo\u017cliwo\u015bci zapisywania plik\u00f3w cookies oraz obs\u0142ugi JavaScript.<\/li>\n<\/ul>\n<p><strong> <\/strong><\/p>\n<h2>3. Newsletter oraz inne bezp\u0142atne tre\u015bci i us\u0142ugi cyfrowe<\/h2>\n<ol>\n<li>Us\u0142ugodawca dostarcza bezp\u0142atne Produkty Cyfrowe (tre\u015bci) i Us\u0142ugi Cyfrowe za po\u015brednictwem Witryny.<\/li>\n<li>Dost\u0119pne s\u0105 nast\u0119puj\u0105ce Produkty i Us\u0142ugi Cyfrowe:<\/li>\n<\/ol>\n<ul>\n<li>Umo\u017cliwienie Us\u0142ugobiorcy przegl\u0105dania tre\u015bci i produkt\u00f3w na Stronie Internetowej.<\/li>\n<li>Dostarczanie Newslettera.<\/li>\n<li>Aby otrzymywa\u0107 Newsletter, nale\u017cy wykona\u0107 nast\u0119puj\u0105ce kroki:<\/li>\n<li>Wype\u0142ni\u0107 formularz subskrypcji Newslettera.<\/li>\n<li>Wyrazi\u0107 zgod\u0119 na przetwarzanie danych w celu przesy\u0142ania Newslettera, obejmuj\u0105cego marketing bezpo\u015bredni produkt\u00f3w, ofert, us\u0142ug i us\u0142ug cyfrowych Us\u0142ugodawcy.<\/li>\n<li>Zapozna\u0107 si\u0119 i zaakceptowa\u0107 warunki niniejszego Regulaminu i zapisa\u0107 si\u0119, klikaj\u0105c &#8222;Zapisz si\u0119 na Newsletter&#8221;.<\/li>\n<li>Nast\u0119pnie, po otrzymaniu wiadomo\u015bci e-mail z potwierdzeniem (je\u015bli wiadomo\u015b\u0107 e-mail z potwierdzeniem nie dotrze niezw\u0142ocznie, nale\u017cy sprawdzi\u0107 folder SPAM. W przypadku problem\u00f3w technicznych nale\u017cy skontaktowa\u0107 si\u0119 z Us\u0142ugodawc\u0105 pod adresem <a href=\"mailto:contact@seedea.pl\">contact@seedea.pl)<\/a>.<\/li>\n<li>Newsletter b\u0119dzie dostarczany drog\u0105 elektroniczn\u0105 na podany adres e-mail.<\/li>\n<li>Us\u0142ugodawca b\u0119dzie dostarcza\u0142 Newsletter z cz\u0119stotliwo\u015bci\u0105 okre\u015blon\u0105 w opisie Newslettera na Stronie Internetowej.<\/li>\n<\/ul>\n<h2>4. Rezygnacja i wycofanie zgody na otrzymywanie Newslettera<strong><br><\/strong><\/h2>\n<ol>\n<li>Us\u0142ugobiorca mo\u017ce w ka\u017cdej chwili cofn\u0105\u0107 zgod\u0119 na otrzymywanie Newslettera bez zachowania okresu wypowiedzenia. W tym celu wystarczy przes\u0142a\u0107 Us\u0142ugodawcy stosowne o\u015bwiadczenie (korzystaj\u0105c z dowolnych danych kontaktowych udost\u0119pnionych przez Us\u0142ugodawc\u0119) lub klikn\u0105\u0107 link rezygnacji znajduj\u0105cy si\u0119 w stopce ka\u017cdej wiadomo\u015bci e-mail zawieraj\u0105cej Newsletter.<\/li>\n<\/ol>\n<ol start=\"2\">\n<li>Us\u0142ugodawca mo\u017ce rozwi\u0105za\u0107 umow\u0119 o \u015bwiadczenie us\u0142ugi Newsletter bez zachowania okresu wypowiedzenia, je\u017celi Us\u0142ugobiorca nie wykazuje \u017cadnej aktywno\u015bci zwi\u0105zanej z Newsletterem, tj. nie otworzy\u0142 \u017cadnej wiadomo\u015bci e-mail wys\u0142anej przez Us\u0142ugodawc\u0119 przez okres d\u0142u\u017cszy ni\u017c 6 miesi\u0119cy. Przed dokonaniem takiego wypowiedzenia Us\u0142ugodawca wysy\u0142a do Us\u0142ugobiorcy zapytanie o potrzeb\u0119 dalszego otrzymywania Newslettera. Brak odpowiedzi na tak\u0105 wiadomo\u015b\u0107 lub jej nieotwarcie w terminie 3 dni od dnia jej wys\u0142ania skutkuje natychmiastowym zaprzestaniem dostarczania Newslettera przez Us\u0142ugodawc\u0119.<\/li>\n<\/ol>\n<ol start=\"3\">\n<li>Us\u0142ugobiorca wykonuje prawo do rezygnacji z Newslettera poprzez przes\u0142anie stosownego o\u015bwiadczenia w dowolnej formie na dane kontaktowe Us\u0142ugodawcy. Us\u0142ugodawca udost\u0119pnia wz\u00f3r rezygnacji z otrzymywania Newslettera (na ko\u0144cu Regulaminu), z kt\u00f3rego Us\u0142ugobiorca mo\u017ce skorzysta\u0107.<\/li>\n<\/ol>\n<ol start=\"4\">\n<li>Us\u0142ugodawca niezw\u0142ocznie przesy\u0142a na podany przez Us\u0142ugobiorc\u0119 adres poczty elektronicznej (podany w trakcie subskrypcji Newslettera) potwierdzenie otrzymania informacji o rezygnacji z otrzymywania Newslettera.<\/li>\n<\/ol>\n<h2>5. Reklamacje<\/h2>\n<ol>\n<li>Tre\u015bci cyfrowe dostarczane Us\u0142ugobiorcy przez Us\u0142ugodawc\u0119 musz\u0105 by\u0107 zgodne z umow\u0105 dotycz\u0105c\u0105 ich dostarczania.<\/li>\n<\/ol>\n<ol start=\"2\">\n<li>Za niezgodno\u015b\u0107 z umow\u0105 odpowiada Us\u0142ugodawca:<\/li>\n<\/ol>\n<ul>\n<li>Istniej\u0105ce w chwili dostarczania tre\u015bci cyfrowych i ujawnione przed up\u0142ywem 2 lat od tej chwili &#8211; w przypadku jednorazowego lub cz\u0119\u015bciowego dostarczenia tre\u015bci cyfrowych.<\/li>\n<li>Ujawnione w okresie dostarczania tre\u015bci cyfrowych o charakterze ci\u0105g\u0142ym.<\/li>\n<li>W przypadku stwierdzenia niezgodno\u015bci, Klient mo\u017ce z\u0142o\u017cy\u0107 reklamacj\u0119 zawieraj\u0105c\u0105 \u017c\u0105danie doprowadzenia tre\u015bci cyfrowych do stanu zgodnego z umow\u0105 o ich dostarczanie.<\/li>\n<\/ul>\n<ol start=\"3\">\n<li>Reklamacje sk\u0142ada si\u0119 za po\u015brednictwem poczty elektronicznej na adres Us\u0142ugodawcy: contact@seedea.pl.<\/li>\n<\/ol>\n<ol start=\"4\">\n<li>Us\u0142ugodawca mo\u017ce odm\u00f3wi\u0107 dostarczenia tre\u015bci cyfrowych zgodnych z umow\u0105, je\u017celi jest to niemo\u017cliwe lub wymaga\u0142oby nadmiernych koszt\u00f3w.<\/li>\n<\/ol>\n<ol start=\"5\">\n<li>Po rozpatrzeniu reklamacji Us\u0142ugodawca przekazuje Us\u0142ugobiorcy odpowied\u017a, w kt\u00f3rej:<\/li>\n<\/ol>\n<ul>\n<li>Uznaje reklamacj\u0119 i wskazuje planowany termin doprowadzenia tre\u015bci cyfrowych do zgodno\u015bci z umow\u0105.<\/li>\n<li>Odmawia doprowadzenia tre\u015bci cyfrowych do stanu zgodnego z umow\u0105,<\/li>\n<li>odrzuca reklamacj\u0119 ze wzgl\u0119du na jej bezzasadno\u015b\u0107.<\/li>\n<\/ul>\n<ol start=\"6\">\n<li>Us\u0142ugodawca udziela odpowiedzi na reklamacj\u0119 za po\u015brednictwem poczty elektronicznej w terminie 14 dni od dnia jej otrzymania.<\/li>\n<\/ol>\n<ol start=\"7\">\n<li>Us\u0142ugobiorca nie mo\u017ce \u017c\u0105da\u0107 od Us\u0142ugodawcy obni\u017cenia ceny w przypadku niezgodno\u015bci Newslettera lub dostarczonego produktu cyfrowego z umow\u0105 nieodp\u0142atnie.<\/li>\n<\/ol>\n<ol start=\"8\">\n<li>Us\u0142ugobiorca nie mo\u017ce odst\u0105pi\u0107 od umowy o dostarczanie tre\u015bci cyfrowych, je\u017celi niezgodno\u015b\u0107 jest nieistotna.<\/li>\n<\/ol>\n<ol start=\"9\">\n<li>W przypadku odst\u0105pienia przez Us\u0142ugobiorc\u0119 od umowy o dostarczanie Newslettera, Us\u0142ugodawca niezw\u0142ocznie po otrzymaniu o\u015bwiadczenia o odst\u0105pieniu od umowy zaprzestaje dostarczania Newslettera.<\/li>\n<\/ol>\n<ol start=\"10\">\n<li>W przypadku odst\u0105pienia przez Us\u0142ugobiorc\u0119 od umowy o dostarczanie tre\u015bci cyfrowych, Us\u0142ugobiorca zobowi\u0105zany jest do zaprzestania korzystania z tre\u015bci cyfrowych i powstrzymania si\u0119 od ich udost\u0119pniania osobom trzecim.<\/li>\n<\/ol>\n<h2>6. Alternatywne sposoby rozstrzygania spor\u00f3w i zaspokajania roszcze\u0144 <br>Poza S\u0105dem<\/h2>\n<ol>\n<li>Us\u0142ugodawca informuje, \u017ce Us\u0142ugobiorca ma mo\u017cliwo\u015b\u0107 skorzystania z pozas\u0105dowych sposob\u00f3w dochodzenia roszcze\u0144 zgodnie z procedur\u0105 Online Dispute Resolution (ODR) opracowan\u0105 przez Komisj\u0119 Europejsk\u0105, dost\u0119pn\u0105 na stronie internetowej: <a href=\"https:\/\/webgate.ec.europa.eu\/odr\/main\/?event=main.home.show\">https:\/\/webgate.ec.europa.eu\/odr\/main\/?event=main.home.show.<\/a><\/li>\n<li>Us\u0142ugodawca wyra\u017ca zgod\u0119 na anga\u017cowanie si\u0119 w ewentualne spory wynikaj\u0105ce z umowy w drodze post\u0119powania mediacyjnego, o ile Us\u0142ugobiorca wyrazi wol\u0119 takiego rozwi\u0105zania. Szczeg\u00f3\u0142y zostan\u0105 ustalone przez strony konfliktu.<\/li>\n<\/ol>\n<ol start=\"3\">\n<li>Platforma ODR to platforma internetowa s\u0142u\u017c\u0105ca do pozas\u0105dowego rozstrzygania spor\u00f3w mi\u0119dzy konsumentami a przedsi\u0119biorcami na poziomie UE. S\u0142u\u017cy ona jako interaktywna i wieloj\u0119zyczna strona internetowa z kompleksowym punktem obs\u0142ugi dla konsument\u00f3w i przedsi\u0119biorc\u00f3w poszukuj\u0105cych pozas\u0105dowego rozstrzygni\u0119cia spor\u00f3w zwi\u0105zanych ze zobowi\u0105zaniami umownymi wynikaj\u0105cymi z internetowych um\u00f3w sprzeda\u017cy, um\u00f3w o dostarczanie tre\u015bci cyfrowych lub um\u00f3w o \u015bwiadczenie us\u0142ug.<\/li>\n<\/ol>\n<h2>7. W\u0142asno\u015b\u0107 intelektualna<\/h2>\n<ol>\n<li>Us\u0142ugodawca informuje, \u017ce Newsletter stanowi utw\u00f3r w rozumieniu ustawy z dnia 4 lutego 1994 r. o prawie autorskim i prawach pokrewnych. Autorskie prawa maj\u0105tkowe do tych utwor\u00f3w przys\u0142uguj\u0105 Us\u0142ugodawcy i podlegaj\u0105 ochronie prawnej.<\/li>\n<\/ol>\n<ol start=\"2\">\n<li>Us\u0142ugobiorca zobowi\u0105zuje si\u0119 do poszanowania praw autorskich przys\u0142uguj\u0105cych Us\u0142ugodawcy oraz do korzystania z Newslettera wy\u0142\u0105cznie w zakresie w\u0142asnego u\u017cytku osobistego. Us\u0142ugobiorca jest \u015bwiadomy, \u017ce jakiekolwiek naruszenie, w szczeg\u00f3lno\u015bci poprzez nieuprawnione rozpowszechnianie, mo\u017ce skutkowa\u0107 odpowiedzialno\u015bci\u0105 cywiln\u0105 lub karn\u0105 zgodnie z obowi\u0105zuj\u0105cymi przepisami.<\/li>\n<\/ol>\n<h2>8. Bezpiecze\u0144stwo danych osobowych<\/h2>\n<ol>\n<li>Us\u0142ugodawca jest administratorem danych osobowych przetwarzanych w zwi\u0105zku z postanowieniami niniejszego Regulaminu. Dane osobowe przetwarzane s\u0105 w celach, w zakresie i w oparciu o zasady wskazane w polityce prywatno\u015bci Us\u0142ugodawcy.<\/li>\n<li>Podanie danych osobowych jest dobrowolne. Ka\u017cda osoba fizyczna, kt\u00f3rej dane osobowe przetwarza Us\u0142ugodawca ma prawo dost\u0119pu do ich tre\u015bci oraz prawo do ich aktualizacji i poprawiania.<\/li>\n<\/ol>\n<ol start=\"3\">\n<li>Szczeg\u00f3\u0142owe zasady zbierania, przetwarzania i przechowywania danych osobowych wykorzystywanych w celu realizacji zam\u00f3wie\u0144 przez Us\u0142ugodawc\u0119 zosta\u0142y opisane w polityce prywatno\u015bci, dost\u0119pnej pod adresem <a href=\"https:\/\/seedea.pl\/privacy-policy\/\">https:\/\/seedea.pl\/privacy-policy\/.<\/a><\/li>\n<\/ol>\n<h2>9. <strong> Postanowienia <\/strong> ko\u0144cowe<\/h2>\n<ol>\n<li>W przypadku Newslettera Us\u0142ugodawca zastrzega sobie prawo, w istotnych przypadkach, takich jak zmiana strategii Newslettera, jego udoskonalenie, dostosowanie do aktualnego kierunku rozwoju dzia\u0142alno\u015bci Us\u0142ugodawcy lub podj\u0119cie dzia\u0142a\u0144 zmierzaj\u0105cych do zwi\u0119kszenia liczby u\u017cytkownik\u00f3w, do dokonywania zmian w Newsletterze. W takich przypadkach Us\u0142ugodawca w spos\u00f3b jasny i zrozumia\u0142y informuje Us\u0142ugobiorc\u0119 o terminie i zakresie zmian, na adres poczty elektronicznej podany podczas subskrypcji Newslettera. Us\u0142ugobiorca mo\u017ce w ka\u017cdej chwili zrezygnowa\u0107 z otrzymywania Newslettera ze skutkiem natychmiastowym poprzez klikni\u0119cie w link &#8222;wypisz si\u0119&#8221; znajduj\u0105cy si\u0119 w tre\u015bci wiadomo\u015bci e-mail.<\/li>\n<\/ol>\n<ol start=\"2\">\n<li>W sprawach nieuregulowanych w Regulaminie maj\u0105 zastosowanie odpowiednie przepisy prawa polskiego, w tym ustawy o prawach konsumenta oraz inne w\u0142a\u015bciwe przepisy prawa powszechnie obowi\u0105zuj\u0105cego.<\/li>\n<\/ol>\n<ol start=\"3\">\n<li>Us\u0142ugodawca zastrzega sobie prawo do zmiany lub aktualizacji niniejszego Regulaminu.<\/li>\n<\/ol>\n<ol start=\"4\">\n<li>Niniejszy Regulamin obowi\u0105zuje od dnia 1 stycznia 2023 roku.<\/li>\n<\/ol>\n<div><br><\/div>\n<p><strong>Informujemy, \u017ce w przypadku jakichkolwiek niejasno\u015bci w zakresie Polityki Newslettera mo\u017cna skontaktowa\u0107 si\u0119 z nami za po\u015brednictwem poczty elektronicznej pod adresem<\/strong> <a href=\"mailto:contact@seedea.pl\"><strong>contact@seedea.pl.<\/strong><\/a><\/p>\t\t\t\t\t\t\t\t<\/div>\n\t\t\t\t<\/div>\n\t\t\t\t\t<\/div>\n\t\t\t\t<\/div>\n\t\t\t\t<\/div>\n\t\t","protected":false},"excerpt":{"rendered":"<p>Polityka dotycz\u0105ca biuletyn\u00f3w Polityka dotycz\u0105ca biuletyn\u00f3w Ostatnia aktualizacja: 4 stycznia 2024 r. 1. Definicje U\u017cyte w Regulaminie okre\u015blenia oznaczaj\u0105: Us\u0142ugodawca &#8211; przedsi\u0119biorca prowadz\u0105cy dzia\u0142alno\u015b\u0107 gospodarcz\u0105 pod firm\u0105 Seedea Sp. z o.o., z siedzib\u0105 przy ul. Milionowej 4B, 93-102 \u0141\u00f3d\u017a , Polska, NIP: 7312078518, REGON: 523442440, adres poczty elektronicznej: contact@seedea.pl Newsletter &#8211; tre\u015b\u0107 cyfrowa dostarczana w [&hellip;]<\/p>\n","protected":false},"author":3,"featured_media":0,"parent":0,"menu_order":0,"comment_status":"closed","ping_status":"closed","template":"elementor_header_footer","meta":{"footnotes":""},"class_list":["post-10707","page","type-page","status-publish","hentry"],"yoast_head":"<!-- This site is optimized with the Yoast SEO plugin v25.9 - https:\/\/yoast.com\/wordpress\/plugins\/seo\/ -->\n<title>Polityka newslettera - Seedea<\/title>\n<meta name=\"description\" content=\"Sprawd\u017a nasz\u0105 Polityk\u0119 prywatno\u015bci. Je\u015bli masz dodatkowe pytania, skontaktuj si\u0119 z nami pod adresem contact@seedea.pl.\" \/>\n<meta name=\"robots\" content=\"index, follow, max-snippet:-1, max-image-preview:large, max-video-preview:-1\" \/>\n<link rel=\"canonical\" href=\"https:\/\/seedea.pl\/pl\/newsletter-policy\/\" \/>\n<meta property=\"og:locale\" content=\"pl_PL\" \/>\n<meta property=\"og:type\" content=\"article\" \/>\n<meta property=\"og:title\" content=\"Polityka newslettera - Seedea\" \/>\n<meta property=\"og:description\" content=\"Sprawd\u017a nasz\u0105 Polityk\u0119 prywatno\u015bci. Je\u015bli masz dodatkowe pytania, skontaktuj si\u0119 z nami pod adresem contact@seedea.pl.\" \/>\n<meta property=\"og:url\" content=\"https:\/\/seedea.pl\/pl\/newsletter-policy\/\" \/>\n<meta property=\"og:site_name\" content=\"Seedea\" \/>\n<meta property=\"article:modified_time\" content=\"2025-09-17T20:13:36+00:00\" \/>\n<meta name=\"twitter:card\" content=\"summary_large_image\" \/>\n<meta name=\"twitter:label1\" content=\"Szacowany czas czytania\" \/>\n\t<meta name=\"twitter:data1\" content=\"8 minut\" \/>\n<script type=\"application\/ld+json\" class=\"yoast-schema-graph\">{\"@context\":\"https:\/\/schema.org\",\"@graph\":[{\"@type\":\"WebPage\",\"@id\":\"https:\/\/seedea.pl\/pl\/newsletter-policy\/\",\"url\":\"https:\/\/seedea.pl\/pl\/newsletter-policy\/\",\"name\":\"Polityka newslettera - Seedea\",\"isPartOf\":{\"@id\":\"https:\/\/seedea.pl\/pl\/#website\"},\"datePublished\":\"2024-02-04T21:01:32+00:00\",\"dateModified\":\"2025-09-17T20:13:36+00:00\",\"description\":\"Sprawd\u017a nasz\u0105 Polityk\u0119 prywatno\u015bci. Je\u015bli masz dodatkowe pytania, skontaktuj si\u0119 z nami pod adresem contact@seedea.pl.\",\"breadcrumb\":{\"@id\":\"https:\/\/seedea.pl\/pl\/newsletter-policy\/#breadcrumb\"},\"inLanguage\":\"pl-PL\",\"potentialAction\":[{\"@type\":\"ReadAction\",\"target\":[\"https:\/\/seedea.pl\/pl\/newsletter-policy\/\"]}]},{\"@type\":\"BreadcrumbList\",\"@id\":\"https:\/\/seedea.pl\/pl\/newsletter-policy\/#breadcrumb\",\"itemListElement\":[{\"@type\":\"ListItem\",\"position\":1,\"name\":\"Home\",\"item\":\"https:\/\/seedea.pl\/pl\/\"},{\"@type\":\"ListItem\",\"position\":2,\"name\":\"Polityka dotycz\u0105ca biuletyn\u00f3w\"}]},{\"@type\":\"WebSite\",\"@id\":\"https:\/\/seedea.pl\/pl\/#website\",\"url\":\"https:\/\/seedea.pl\/pl\/\",\"name\":\"Seedea\",\"description\":\"Organic and Gluten-Free Ingredients for B2B\",\"publisher\":{\"@id\":\"https:\/\/seedea.pl\/pl\/#organization\"},\"potentialAction\":[{\"@type\":\"SearchAction\",\"target\":{\"@type\":\"EntryPoint\",\"urlTemplate\":\"https:\/\/seedea.pl\/pl\/?s={search_term_string}\"},\"query-input\":{\"@type\":\"PropertyValueSpecification\",\"valueRequired\":true,\"valueName\":\"search_term_string\"}}],\"inLanguage\":\"pl-PL\"},{\"@type\":\"Organization\",\"@id\":\"https:\/\/seedea.pl\/pl\/#organization\",\"name\":\"Seedea\",\"url\":\"https:\/\/seedea.pl\/pl\/\",\"logo\":{\"@type\":\"ImageObject\",\"inLanguage\":\"pl-PL\",\"@id\":\"https:\/\/seedea.pl\/pl\/#\/schema\/logo\/image\/\",\"url\":\"https:\/\/seedea.pl\/wp-content\/uploads\/2023\/05\/SEEDEA_LOGO_LOGO-01.svg\",\"contentUrl\":\"https:\/\/seedea.pl\/wp-content\/uploads\/2023\/05\/SEEDEA_LOGO_LOGO-01.svg\",\"caption\":\"Seedea\"},\"image\":{\"@id\":\"https:\/\/seedea.pl\/pl\/#\/schema\/logo\/image\/\"}}]}<\/script>\n<!-- \/ Yoast SEO plugin. -->","yoast_head_json":{"title":"Polityka newslettera - Seedea","description":"Sprawd\u017a nasz\u0105 Polityk\u0119 prywatno\u015bci. Je\u015bli masz dodatkowe pytania, skontaktuj si\u0119 z nami pod adresem contact@seedea.pl.","robots":{"index":"index","follow":"follow","max-snippet":"max-snippet:-1","max-image-preview":"max-image-preview:large","max-video-preview":"max-video-preview:-1"},"canonical":"https:\/\/seedea.pl\/pl\/newsletter-policy\/","og_locale":"pl_PL","og_type":"article","og_title":"Polityka newslettera - Seedea","og_description":"Sprawd\u017a nasz\u0105 Polityk\u0119 prywatno\u015bci. Je\u015bli masz dodatkowe pytania, skontaktuj si\u0119 z nami pod adresem contact@seedea.pl.","og_url":"https:\/\/seedea.pl\/pl\/newsletter-policy\/","og_site_name":"Seedea","article_modified_time":"2025-09-17T20:13:36+00:00","twitter_card":"summary_large_image","twitter_misc":{"Szacowany czas czytania":"8 minut"},"schema":{"@context":"https:\/\/schema.org","@graph":[{"@type":"WebPage","@id":"https:\/\/seedea.pl\/pl\/newsletter-policy\/","url":"https:\/\/seedea.pl\/pl\/newsletter-policy\/","name":"Polityka newslettera - Seedea","isPartOf":{"@id":"https:\/\/seedea.pl\/pl\/#website"},"datePublished":"2024-02-04T21:01:32+00:00","dateModified":"2025-09-17T20:13:36+00:00","description":"Sprawd\u017a nasz\u0105 Polityk\u0119 prywatno\u015bci. Je\u015bli masz dodatkowe pytania, skontaktuj si\u0119 z nami pod adresem contact@seedea.pl.","breadcrumb":{"@id":"https:\/\/seedea.pl\/pl\/newsletter-policy\/#breadcrumb"},"inLanguage":"pl-PL","potentialAction":[{"@type":"ReadAction","target":["https:\/\/seedea.pl\/pl\/newsletter-policy\/"]}]},{"@type":"BreadcrumbList","@id":"https:\/\/seedea.pl\/pl\/newsletter-policy\/#breadcrumb","itemListElement":[{"@type":"ListItem","position":1,"name":"Home","item":"https:\/\/seedea.pl\/pl\/"},{"@type":"ListItem","position":2,"name":"Polityka dotycz\u0105ca biuletyn\u00f3w"}]},{"@type":"WebSite","@id":"https:\/\/seedea.pl\/pl\/#website","url":"https:\/\/seedea.pl\/pl\/","name":"Seedea","description":"Organic and Gluten-Free Ingredients for B2B","publisher":{"@id":"https:\/\/seedea.pl\/pl\/#organization"},"potentialAction":[{"@type":"SearchAction","target":{"@type":"EntryPoint","urlTemplate":"https:\/\/seedea.pl\/pl\/?s={search_term_string}"},"query-input":{"@type":"PropertyValueSpecification","valueRequired":true,"valueName":"search_term_string"}}],"inLanguage":"pl-PL"},{"@type":"Organization","@id":"https:\/\/seedea.pl\/pl\/#organization","name":"Seedea","url":"https:\/\/seedea.pl\/pl\/","logo":{"@type":"ImageObject","inLanguage":"pl-PL","@id":"https:\/\/seedea.pl\/pl\/#\/schema\/logo\/image\/","url":"https:\/\/seedea.pl\/wp-content\/uploads\/2023\/05\/SEEDEA_LOGO_LOGO-01.svg","contentUrl":"https:\/\/seedea.pl\/wp-content\/uploads\/2023\/05\/SEEDEA_LOGO_LOGO-01.svg","caption":"Seedea"},"image":{"@id":"https:\/\/seedea.pl\/pl\/#\/schema\/logo\/image\/"}}]}},"_links":{"self":[{"href":"https:\/\/seedea.pl\/pl\/wp-json\/wp\/v2\/pages\/10707","targetHints":{"allow":["GET"]}}],"collection":[{"href":"https:\/\/seedea.pl\/pl\/wp-json\/wp\/v2\/pages"}],"about":[{"href":"https:\/\/seedea.pl\/pl\/wp-json\/wp\/v2\/types\/page"}],"author":[{"embeddable":true,"href":"https:\/\/seedea.pl\/pl\/wp-json\/wp\/v2\/users\/3"}],"replies":[{"embeddable":true,"href":"https:\/\/seedea.pl\/pl\/wp-json\/wp\/v2\/comments?post=10707"}],"version-history":[{"count":1,"href":"https:\/\/seedea.pl\/pl\/wp-json\/wp\/v2\/pages\/10707\/revisions"}],"predecessor-version":[{"id":10708,"href":"https:\/\/seedea.pl\/pl\/wp-json\/wp\/v2\/pages\/10707\/revisions\/10708"}],"wp:attachment":[{"href":"https:\/\/seedea.pl\/pl\/wp-json\/wp\/v2\/media?parent=10707"}],"curies":[{"name":"wp","href":"https:\/\/api.w.org\/{rel}","templated":true}]}}