{"id":10699,"date":"2025-08-19T21:13:54","date_gmt":"2025-08-19T21:13:54","guid":{"rendered":"https:\/\/seedea.pl\/blog\/"},"modified":"2025-09-17T20:13:36","modified_gmt":"2025-09-17T20:13:36","slug":"blog","status":"publish","type":"page","link":"https:\/\/seedea.pl\/pl\/blog\/","title":{"rendered":"Blog"},"content":{"rendered":"\t\t<div data-elementor-type=\"wp-page\" data-elementor-id=\"10699\" class=\"elementor elementor-10699 elementor-8205\" data-elementor-post-type=\"page\">\n\t\t\t\t<div class=\"elementor-element elementor-element-11b19c4 e-flex e-con-boxed e-con e-parent\" data-id=\"11b19c4\" data-element_type=\"container\" data-settings=\"{&quot;background_background&quot;:&quot;classic&quot;,&quot;jet_parallax_layout_list&quot;:[]}\">\n\t\t\t\t\t<div class=\"e-con-inner\">\n\t\t<div class=\"elementor-element elementor-element-47f0cfd e-con-full hero1 e-flex e-con e-child\" data-id=\"47f0cfd\" data-element_type=\"container\" data-settings=\"{&quot;jet_parallax_layout_list&quot;:[]}\">\n\t\t\t\t<div class=\"elementor-element elementor-element-da19851 elementor-widget__width-initial elementor-widget elementor-widget-heading\" data-id=\"da19851\" data-element_type=\"widget\" data-widget_type=\"heading.default\">\n\t\t\t\t<div class=\"elementor-widget-container\">\n\t\t\t\t\t<h1 class=\"elementor-heading-title elementor-size-default\">Blog<\/h1>\t\t\t\t<\/div>\n\t\t\t\t<\/div>\n\t\t\t\t<div class=\"elementor-element elementor-element-87f587d elementor-widget__width-initial elementor-widget elementor-widget-heading\" data-id=\"87f587d\" data-element_type=\"widget\" data-widget_type=\"heading.default\">\n\t\t\t\t<div class=\"elementor-widget-container\">\n\t\t\t\t\t<h2 class=\"elementor-heading-title elementor-size-default\">Nieprzemijaj\u0105ce spostrze\u017cenia: wiedza, kt\u00f3ra nigdy nie wychodzi z mody. Ponadczasowe artyku\u0142y, kt\u00f3re poprowadz\u0105, zainspiruj\u0105 i wespr\u0105 Tw\u00f3j biznes.<\/h2>\t\t\t\t<\/div>\n\t\t\t\t<\/div>\n\t\t\t\t<\/div>\n\t\t<div class=\"elementor-element elementor-element-24bce97 e-con-full e-flex e-con e-child\" data-id=\"24bce97\" data-element_type=\"container\" data-settings=\"{&quot;jet_parallax_layout_list&quot;:[]}\">\n\t\t\t\t<\/div>\n\t\t\t\t\t<\/div>\n\t\t\t\t<\/div>\n\t\t<div class=\"elementor-element elementor-element-f45bd8e e-flex e-con-boxed e-con e-parent\" data-id=\"f45bd8e\" data-element_type=\"container\" data-settings=\"{&quot;jet_parallax_layout_list&quot;:[]}\">\n\t\t\t\t\t<div class=\"e-con-inner\">\n\t\t\t\t<div class=\"elementor-element elementor-element-bb2753f elementor-widget elementor-widget-jet-listing-grid\" data-id=\"bb2753f\" data-element_type=\"widget\" data-settings=\"{&quot;columns&quot;:3,&quot;columns_tablet&quot;:&quot;2&quot;,&quot;columns_mobile&quot;:&quot;1&quot;}\" data-widget_type=\"jet-listing-grid.default\">\n\t\t\t\t<div class=\"elementor-widget-container\">\n\t\t\t\t\t<div class=\"jet-listing-grid jet-listing\"><div class=\"jet-listing-grid__items grid-col-desk-3 grid-col-tablet-2 grid-col-mobile-1 jet-listing-grid--2475\" data-queried-id=\"10699|WP_Post\" data-nav=\"{&quot;enabled&quot;:false,&quot;type&quot;:null,&quot;more_el&quot;:null,&quot;query&quot;:[],&quot;widget_settings&quot;:{&quot;lisitng_id&quot;:2475,&quot;posts_num&quot;:24,&quot;columns&quot;:3,&quot;columns_tablet&quot;:2,&quot;columns_mobile&quot;:1,&quot;column_min_width&quot;:240,&quot;column_min_width_tablet&quot;:240,&quot;column_min_width_mobile&quot;:240,&quot;inline_columns_css&quot;:false,&quot;is_archive_template&quot;:&quot;&quot;,&quot;post_status&quot;:[&quot;publish&quot;],&quot;use_random_posts_num&quot;:&quot;&quot;,&quot;max_posts_num&quot;:9,&quot;not_found_message&quot;:&quot;Nie znaleziono \\u017cadnych danych&quot;,&quot;is_masonry&quot;:false,&quot;equal_columns_height&quot;:&quot;&quot;,&quot;use_load_more&quot;:&quot;&quot;,&quot;load_more_id&quot;:&quot;&quot;,&quot;load_more_type&quot;:&quot;click&quot;,&quot;load_more_offset&quot;:{&quot;unit&quot;:&quot;px&quot;,&quot;size&quot;:0,&quot;sizes&quot;:[]},&quot;use_custom_post_types&quot;:&quot;&quot;,&quot;custom_post_types&quot;:[],&quot;hide_widget_if&quot;:&quot;&quot;,&quot;carousel_enabled&quot;:&quot;&quot;,&quot;slides_to_scroll&quot;:&quot;1&quot;,&quot;arrows&quot;:&quot;true&quot;,&quot;arrow_icon&quot;:&quot;fa fa-angle-left&quot;,&quot;dots&quot;:&quot;&quot;,&quot;autoplay&quot;:&quot;true&quot;,&quot;pause_on_hover&quot;:&quot;true&quot;,&quot;autoplay_speed&quot;:5000,&quot;infinite&quot;:&quot;true&quot;,&quot;center_mode&quot;:&quot;&quot;,&quot;effect&quot;:&quot;slide&quot;,&quot;speed&quot;:500,&quot;inject_alternative_items&quot;:&quot;&quot;,&quot;injection_items&quot;:[],&quot;scroll_slider_enabled&quot;:&quot;&quot;,&quot;scroll_slider_on&quot;:[&quot;desktop&quot;,&quot;tablet&quot;,&quot;mobile&quot;],&quot;custom_query&quot;:&quot;yes&quot;,&quot;custom_query_id&quot;:&quot;5&quot;,&quot;_element_id&quot;:&quot;&quot;,&quot;collapse_first_last_gap&quot;:false,&quot;list_tag_selection&quot;:&quot;&quot;,&quot;list_items_wrapper_tag&quot;:&quot;div&quot;,&quot;list_item_tag&quot;:&quot;div&quot;,&quot;empty_items_wrapper_tag&quot;:&quot;div&quot;}}\" data-page=\"1\" data-pages=\"1\" data-listing-source=\"query\" data-listing-id=\"2475\" data-query-id=\"5\"><div class=\"jet-listing-grid__item jet-listing-dynamic-post-10576\" data-post-id=\"10576\"  >\t\t<div data-elementor-type=\"jet-listing-items\" data-elementor-id=\"11010\" class=\"elementor elementor-11010 elementor-2475\" data-elementor-post-type=\"jet-engine\">\n\t\t\t\t<div class=\"elementor-element elementor-element-dd8a9f3 e-con-full e-flex e-con e-parent\" data-id=\"dd8a9f3\" data-element_type=\"container\" data-settings=\"{&quot;background_background&quot;:&quot;classic&quot;,&quot;jet_parallax_layout_list&quot;:[]}\">\n\t\t<div class=\"elementor-element elementor-element-a9c3084 e-flex e-con-boxed e-con e-child\" data-id=\"a9c3084\" data-element_type=\"container\" data-settings=\"{&quot;jet_parallax_layout_list&quot;:[]}\">\n\t\t\t\t\t<div class=\"e-con-inner\">\n\t\t\t\t<div class=\"elementor-element elementor-element-bb32703 elementor-widget elementor-widget-post-info\" data-id=\"bb32703\" data-element_type=\"widget\" data-widget_type=\"post-info.default\">\n\t\t\t\t<div class=\"elementor-widget-container\">\n\t\t\t\t\t\t\t<ul class=\"elementor-inline-items elementor-icon-list-items elementor-post-info\">\n\t\t\t\t\t\t\t\t<li class=\"elementor-icon-list-item elementor-repeater-item-94533b4 elementor-inline-item\" itemprop=\"datePublished\">\n\t\t\t\t\t\t\t\t\t\t\t\t\t<span class=\"elementor-icon-list-text elementor-post-info__item elementor-post-info__item--type-date\">\n\t\t\t\t\t\t\t\t\t\t<time>11 wrze\u015bnia, 2025<\/time>\t\t\t\t\t<\/span>\n\t\t\t\t\t\t\t\t<\/li>\n\t\t\t\t<li class=\"elementor-icon-list-item elementor-repeater-item-917e548 elementor-inline-item\" itemprop=\"about\">\n\t\t\t\t\t\t\t\t\t\t\t\t\t<span class=\"elementor-icon-list-text elementor-post-info__item elementor-post-info__item--type-terms\">\n\t\t\t\t\t\t\t\t\t\t<span class=\"elementor-post-info__terms-list\">\n\t\t\t\t<a href=\"https:\/\/seedea.pl\/pl\/category\/wiecznie-zielone-artykuly\/\" class=\"elementor-post-info__terms-list-item\">Wiecznie zielone artyku\u0142y<\/a>\t\t\t\t<\/span>\n\t\t\t\t\t<\/span>\n\t\t\t\t\t\t\t\t<\/li>\n\t\t\t\t<\/ul>\n\t\t\t\t\t\t<\/div>\n\t\t\t\t<\/div>\n\t\t\t\t<div class=\"elementor-element elementor-element-0ed611b elementor-widget elementor-widget-heading\" data-id=\"0ed611b\" data-element_type=\"widget\" data-widget_type=\"heading.default\">\n\t\t\t\t<div class=\"elementor-widget-container\">\n\t\t\t\t\t<p class=\"elementor-heading-title elementor-size-default\"><a href=\"https:\/\/seedea.pl\/pl\/nasiona-dyni-wyjasnienie-od-pola-do-przemyslu-spozywczego\/\">Nasiona dyni &#8211; wyja\u015bnienie: Od pola do przemys\u0142u spo\u017cywczego<\/a><\/p>\t\t\t\t<\/div>\n\t\t\t\t<\/div>\n\t\t\t\t\t<\/div>\n\t\t\t\t<\/div>\n\t\t<div class=\"elementor-element elementor-element-80c2021 e-flex e-con-boxed e-con e-child\" data-id=\"80c2021\" data-element_type=\"container\" data-settings=\"{&quot;jet_parallax_layout_list&quot;:[]}\">\n\t\t\t\t\t<div class=\"e-con-inner\">\n\t\t<div class=\"elementor-element elementor-element-d8b695d e-flex e-con-boxed e-con e-child\" data-id=\"d8b695d\" data-element_type=\"container\" data-settings=\"{&quot;jet_parallax_layout_list&quot;:[]}\">\n\t\t\t\t\t<div class=\"e-con-inner\">\n\t\t\t\t<div class=\"elementor-element elementor-element-a01d89c elementor-hidden-mobile elementor-widget elementor-widget-image\" data-id=\"a01d89c\" data-element_type=\"widget\" data-widget_type=\"image.default\">\n\t\t\t\t<div class=\"elementor-widget-container\">\n\t\t\t\t\t\t\t\t\t\t\t\t\t\t\t<img decoding=\"async\" width=\"77\" height=\"154\" src=\"https:\/\/seedea.pl\/wp-content\/uploads\/2023\/06\/r-bl.svg\" class=\"attachment-large size-large wp-image-11011\" alt=\"\" \/>\t\t\t\t\t\t\t\t\t\t\t\t\t\t\t<\/div>\n\t\t\t\t<\/div>\n\t\t\t\t<div class=\"elementor-element elementor-element-cced943 elementor-widget elementor-widget-image\" data-id=\"cced943\" data-element_type=\"widget\" data-widget_type=\"image.default\">\n\t\t\t\t<div class=\"elementor-widget-container\">\n\t\t\t\t\t\t\t\t\t\t\t\t\t\t\t<img fetchpriority=\"high\" decoding=\"async\" width=\"800\" height=\"449\" src=\"https:\/\/seedea.pl\/wp-content\/uploads\/2023\/06\/16658-e1716887904900-1024x575.jpg\" class=\"attachment-large size-large wp-image-10579\" alt=\"J\u0105dra dyni GWS luzem - informacje o warto\u015bciach od\u017cywczych r\u00f3\u017cni\u0105 si\u0119 w produktach konwencjonalnych i organicznych\" srcset=\"https:\/\/seedea.pl\/wp-content\/uploads\/2023\/06\/16658-e1716887904900-1024x575.jpg 1024w, https:\/\/seedea.pl\/wp-content\/uploads\/2023\/06\/16658-e1716887904900-300x169.jpg 300w, https:\/\/seedea.pl\/wp-content\/uploads\/2023\/06\/16658-e1716887904900-768x432.jpg 768w, https:\/\/seedea.pl\/wp-content\/uploads\/2023\/06\/16658-e1716887904900-600x337.jpg 600w, https:\/\/seedea.pl\/wp-content\/uploads\/2023\/06\/16658-e1716887904900.jpg 1500w\" sizes=\"(max-width: 800px) 100vw, 800px\" \/>\t\t\t\t\t\t\t\t\t\t\t\t\t\t\t<\/div>\n\t\t\t\t<\/div>\n\t\t\t\t\t<\/div>\n\t\t\t\t<\/div>\n\t\t\t\t<div class=\"elementor-element elementor-element-4d3bc10 elementor-align-left elementor-widget elementor-widget-button\" data-id=\"4d3bc10\" data-element_type=\"widget\" data-widget_type=\"button.default\">\n\t\t\t\t<div class=\"elementor-widget-container\">\n\t\t\t\t\t\t\t\t\t<div class=\"elementor-button-wrapper\">\n\t\t\t\t\t<a class=\"elementor-button elementor-button-link elementor-size-sm\" href=\"https:\/\/seedea.pl\/pl\/nasiona-dyni-wyjasnienie-od-pola-do-przemyslu-spozywczego\/\">\n\t\t\t\t\t\t<span class=\"elementor-button-content-wrapper\">\n\t\t\t\t\t\t<span class=\"elementor-button-icon\">\n\t\t\t\t<svg xmlns=\"http:\/\/www.w3.org\/2000\/svg\" width=\"13\" height=\"9\" viewBox=\"0 0 13 9\" fill=\"none\"><path d=\"M0.406 4.264H10.534L7.878 0.615999H9.11L12.23 4.808L9.11 8.968H7.878L10.534 5.336H0.406V4.264Z\" fill=\"white\"><\/path><\/svg>\t\t\t<\/span>\n\t\t\t\t\t\t\t\t\t<span class=\"elementor-button-text\">Czytaj wi\u0119cej<\/span>\n\t\t\t\t\t<\/span>\n\t\t\t\t\t<\/a>\n\t\t\t\t<\/div>\n\t\t\t\t\t\t\t\t<\/div>\n\t\t\t\t<\/div>\n\t\t\t\t\t<\/div>\n\t\t\t\t<\/div>\n\t\t\t\t<\/div>\n\t\t\t\t<\/div>\n\t\t<\/div><div class=\"jet-listing-grid__item jet-listing-dynamic-post-10593\" data-post-id=\"10593\"  >\t\t<div data-elementor-type=\"jet-listing-items\" data-elementor-id=\"11010\" class=\"elementor elementor-11010 elementor-2475\" data-elementor-post-type=\"jet-engine\">\n\t\t\t\t<div class=\"elementor-element elementor-element-dd8a9f3 e-con-full e-flex e-con e-parent\" data-id=\"dd8a9f3\" data-element_type=\"container\" data-settings=\"{&quot;background_background&quot;:&quot;classic&quot;,&quot;jet_parallax_layout_list&quot;:[]}\">\n\t\t<div class=\"elementor-element elementor-element-a9c3084 e-flex e-con-boxed e-con e-child\" data-id=\"a9c3084\" data-element_type=\"container\" data-settings=\"{&quot;jet_parallax_layout_list&quot;:[]}\">\n\t\t\t\t\t<div class=\"e-con-inner\">\n\t\t\t\t<div class=\"elementor-element elementor-element-bb32703 elementor-widget elementor-widget-post-info\" data-id=\"bb32703\" data-element_type=\"widget\" data-widget_type=\"post-info.default\">\n\t\t\t\t<div class=\"elementor-widget-container\">\n\t\t\t\t\t\t\t<ul class=\"elementor-inline-items elementor-icon-list-items elementor-post-info\">\n\t\t\t\t\t\t\t\t<li class=\"elementor-icon-list-item elementor-repeater-item-94533b4 elementor-inline-item\" itemprop=\"datePublished\">\n\t\t\t\t\t\t\t\t\t\t\t\t\t<span class=\"elementor-icon-list-text elementor-post-info__item elementor-post-info__item--type-date\">\n\t\t\t\t\t\t\t\t\t\t<time>26 sierpnia, 2025<\/time>\t\t\t\t\t<\/span>\n\t\t\t\t\t\t\t\t<\/li>\n\t\t\t\t<li class=\"elementor-icon-list-item elementor-repeater-item-917e548 elementor-inline-item\" itemprop=\"about\">\n\t\t\t\t\t\t\t\t\t\t\t\t\t<span class=\"elementor-icon-list-text elementor-post-info__item elementor-post-info__item--type-terms\">\n\t\t\t\t\t\t\t\t\t\t<span class=\"elementor-post-info__terms-list\">\n\t\t\t\t<a href=\"https:\/\/seedea.pl\/pl\/category\/wiecznie-zielone-artykuly\/\" class=\"elementor-post-info__terms-list-item\">Wiecznie zielone artyku\u0142y<\/a>\t\t\t\t<\/span>\n\t\t\t\t\t<\/span>\n\t\t\t\t\t\t\t\t<\/li>\n\t\t\t\t<\/ul>\n\t\t\t\t\t\t<\/div>\n\t\t\t\t<\/div>\n\t\t\t\t<div class=\"elementor-element elementor-element-0ed611b elementor-widget elementor-widget-heading\" data-id=\"0ed611b\" data-element_type=\"widget\" data-widget_type=\"heading.default\">\n\t\t\t\t<div class=\"elementor-widget-container\">\n\t\t\t\t\t<p class=\"elementor-heading-title elementor-size-default\"><a href=\"https:\/\/seedea.pl\/pl\/food-fraud-prevention-ingredient-sourcing\/\">Zapobieganie oszustwom \u017cywno\u015bciowym w pozyskiwaniu sk\u0142adnik\u00f3w organicznych<\/a><\/p>\t\t\t\t<\/div>\n\t\t\t\t<\/div>\n\t\t\t\t\t<\/div>\n\t\t\t\t<\/div>\n\t\t<div class=\"elementor-element elementor-element-80c2021 e-flex e-con-boxed e-con e-child\" data-id=\"80c2021\" data-element_type=\"container\" data-settings=\"{&quot;jet_parallax_layout_list&quot;:[]}\">\n\t\t\t\t\t<div class=\"e-con-inner\">\n\t\t<div class=\"elementor-element elementor-element-d8b695d e-flex e-con-boxed e-con e-child\" data-id=\"d8b695d\" data-element_type=\"container\" data-settings=\"{&quot;jet_parallax_layout_list&quot;:[]}\">\n\t\t\t\t\t<div class=\"e-con-inner\">\n\t\t\t\t<div class=\"elementor-element elementor-element-a01d89c elementor-hidden-mobile elementor-widget elementor-widget-image\" data-id=\"a01d89c\" data-element_type=\"widget\" data-widget_type=\"image.default\">\n\t\t\t\t<div class=\"elementor-widget-container\">\n\t\t\t\t\t\t\t\t\t\t\t\t\t\t\t<img decoding=\"async\" width=\"77\" height=\"154\" src=\"https:\/\/seedea.pl\/wp-content\/uploads\/2023\/06\/r-bl.svg\" class=\"attachment-large size-large wp-image-11011\" alt=\"\" \/>\t\t\t\t\t\t\t\t\t\t\t\t\t\t\t<\/div>\n\t\t\t\t<\/div>\n\t\t\t\t<div class=\"elementor-element elementor-element-cced943 elementor-widget elementor-widget-image\" data-id=\"cced943\" data-element_type=\"widget\" data-widget_type=\"image.default\">\n\t\t\t\t<div class=\"elementor-widget-container\">\n\t\t\t\t\t\t\t\t\t\t\t\t\t\t\t<img decoding=\"async\" width=\"800\" height=\"450\" src=\"https:\/\/seedea.pl\/wp-content\/uploads\/2025\/08\/Projekt-bez-nazwy-5-1024x576.png\" class=\"attachment-large size-large wp-image-10594\" alt=\"\" srcset=\"https:\/\/seedea.pl\/wp-content\/uploads\/2025\/08\/Projekt-bez-nazwy-5-1024x576.png 1024w, https:\/\/seedea.pl\/wp-content\/uploads\/2025\/08\/Projekt-bez-nazwy-5-300x169.png 300w, https:\/\/seedea.pl\/wp-content\/uploads\/2025\/08\/Projekt-bez-nazwy-5-768x432.png 768w, https:\/\/seedea.pl\/wp-content\/uploads\/2025\/08\/Projekt-bez-nazwy-5-1536x864.png 1536w, https:\/\/seedea.pl\/wp-content\/uploads\/2025\/08\/Projekt-bez-nazwy-5-600x338.png 600w, https:\/\/seedea.pl\/wp-content\/uploads\/2025\/08\/Projekt-bez-nazwy-5.png 1920w\" sizes=\"(max-width: 800px) 100vw, 800px\" \/>\t\t\t\t\t\t\t\t\t\t\t\t\t\t\t<\/div>\n\t\t\t\t<\/div>\n\t\t\t\t\t<\/div>\n\t\t\t\t<\/div>\n\t\t\t\t<div class=\"elementor-element elementor-element-4d3bc10 elementor-align-left elementor-widget elementor-widget-button\" data-id=\"4d3bc10\" data-element_type=\"widget\" data-widget_type=\"button.default\">\n\t\t\t\t<div class=\"elementor-widget-container\">\n\t\t\t\t\t\t\t\t\t<div class=\"elementor-button-wrapper\">\n\t\t\t\t\t<a class=\"elementor-button elementor-button-link elementor-size-sm\" href=\"https:\/\/seedea.pl\/pl\/food-fraud-prevention-ingredient-sourcing\/\">\n\t\t\t\t\t\t<span class=\"elementor-button-content-wrapper\">\n\t\t\t\t\t\t<span class=\"elementor-button-icon\">\n\t\t\t\t<svg xmlns=\"http:\/\/www.w3.org\/2000\/svg\" width=\"13\" height=\"9\" viewBox=\"0 0 13 9\" fill=\"none\"><path d=\"M0.406 4.264H10.534L7.878 0.615999H9.11L12.23 4.808L9.11 8.968H7.878L10.534 5.336H0.406V4.264Z\" fill=\"white\"><\/path><\/svg>\t\t\t<\/span>\n\t\t\t\t\t\t\t\t\t<span class=\"elementor-button-text\">Czytaj wi\u0119cej<\/span>\n\t\t\t\t\t<\/span>\n\t\t\t\t\t<\/a>\n\t\t\t\t<\/div>\n\t\t\t\t\t\t\t\t<\/div>\n\t\t\t\t<\/div>\n\t\t\t\t\t<\/div>\n\t\t\t\t<\/div>\n\t\t\t\t<\/div>\n\t\t\t\t<\/div>\n\t\t<\/div><\/div><\/div>\t\t\t\t<\/div>\n\t\t\t\t<\/div>\n\t\t\t\t\t<\/div>\n\t\t\t\t<\/div>\n\t\t\t\t<\/div>\n\t\t","protected":false},"excerpt":{"rendered":"<p>Blog Nieprzemijaj\u0105ce spostrze\u017cenia: wiedza, kt\u00f3ra nigdy nie wychodzi z mody. Ponadczasowe artyku\u0142y, kt\u00f3re poprowadz\u0105, zainspiruj\u0105 i wespr\u0105 Tw\u00f3j biznes. Edit query September 11, 2025 Evergreen articles Read more August 26, 2025 Evergreen articles Read more July 23, 2025 Evergreen articles, Latest News, Pseudocereals Read more<\/p>\n","protected":false},"author":3,"featured_media":10700,"parent":0,"menu_order":0,"comment_status":"closed","ping_status":"closed","template":"","meta":{"footnotes":""},"class_list":["post-10699","page","type-page","status-publish","has-post-thumbnail","hentry"],"yoast_head":"<!-- This site is optimized with the Yoast SEO plugin v25.9 - https:\/\/yoast.com\/wordpress\/plugins\/seo\/ -->\n<title>Blog - Seedea<\/title>\n<meta name=\"description\" content=\"Blog Nieprzemijaj\u0105ce spostrze\u017cenia: wiedza, kt\u00f3ra nigdy nie wychodzi z mody. Ponadczasowe artyku\u0142y, kt\u00f3re poprowadz\u0105, zainspiruj\u0105 i wespr\u0105 Tw\u00f3j biznes.\" \/>\n<meta name=\"robots\" content=\"index, follow, max-snippet:-1, max-image-preview:large, max-video-preview:-1\" \/>\n<link rel=\"canonical\" href=\"https:\/\/seedea.pl\/pl\/blog\/\" \/>\n<meta property=\"og:locale\" content=\"pl_PL\" \/>\n<meta property=\"og:type\" content=\"article\" \/>\n<meta property=\"og:title\" content=\"Blog - Seedea\" \/>\n<meta property=\"og:description\" content=\"Blog Nieprzemijaj\u0105ce spostrze\u017cenia: wiedza, kt\u00f3ra nigdy nie wychodzi z mody. Ponadczasowe artyku\u0142y, kt\u00f3re poprowadz\u0105, zainspiruj\u0105 i wespr\u0105 Tw\u00f3j biznes.\" \/>\n<meta property=\"og:url\" content=\"https:\/\/seedea.pl\/pl\/blog\/\" \/>\n<meta property=\"og:site_name\" content=\"Seedea\" \/>\n<meta property=\"article:modified_time\" content=\"2025-09-17T20:13:36+00:00\" \/>\n<meta property=\"og:image\" content=\"https:\/\/seedea.pl\/wp-content\/uploads\/2025\/07\/proso-gotowe-do-skoszenia-1024-x-768-px-768-x-432-px.png\" \/>\n\t<meta property=\"og:image:width\" content=\"768\" \/>\n\t<meta property=\"og:image:height\" content=\"432\" \/>\n\t<meta property=\"og:image:type\" content=\"image\/png\" \/>\n<meta name=\"twitter:card\" content=\"summary_large_image\" \/>\n<script type=\"application\/ld+json\" class=\"yoast-schema-graph\">{\"@context\":\"https:\/\/schema.org\",\"@graph\":[{\"@type\":\"WebPage\",\"@id\":\"https:\/\/seedea.pl\/pl\/blog\/\",\"url\":\"https:\/\/seedea.pl\/pl\/blog\/\",\"name\":\"Blog - Seedea\",\"isPartOf\":{\"@id\":\"https:\/\/seedea.pl\/pl\/#website\"},\"primaryImageOfPage\":{\"@id\":\"https:\/\/seedea.pl\/pl\/blog\/#primaryimage\"},\"image\":{\"@id\":\"https:\/\/seedea.pl\/pl\/blog\/#primaryimage\"},\"thumbnailUrl\":\"https:\/\/seedea.pl\/wp-content\/uploads\/2025\/07\/proso-gotowe-do-skoszenia-1024-x-768-px-768-x-432-px.png\",\"datePublished\":\"2025-08-19T21:13:54+00:00\",\"dateModified\":\"2025-09-17T20:13:36+00:00\",\"description\":\"Blog Nieprzemijaj\u0105ce spostrze\u017cenia: wiedza, kt\u00f3ra nigdy nie wychodzi z mody. Ponadczasowe artyku\u0142y, kt\u00f3re poprowadz\u0105, zainspiruj\u0105 i wespr\u0105 Tw\u00f3j biznes.\",\"breadcrumb\":{\"@id\":\"https:\/\/seedea.pl\/pl\/blog\/#breadcrumb\"},\"inLanguage\":\"pl-PL\",\"potentialAction\":[{\"@type\":\"ReadAction\",\"target\":[\"https:\/\/seedea.pl\/pl\/blog\/\"]}]},{\"@type\":\"ImageObject\",\"inLanguage\":\"pl-PL\",\"@id\":\"https:\/\/seedea.pl\/pl\/blog\/#primaryimage\",\"url\":\"https:\/\/seedea.pl\/wp-content\/uploads\/2025\/07\/proso-gotowe-do-skoszenia-1024-x-768-px-768-x-432-px.png\",\"contentUrl\":\"https:\/\/seedea.pl\/wp-content\/uploads\/2025\/07\/proso-gotowe-do-skoszenia-1024-x-768-px-768-x-432-px.png\",\"width\":768,\"height\":432,\"caption\":\"Proso gotowe do zbioru\"},{\"@type\":\"BreadcrumbList\",\"@id\":\"https:\/\/seedea.pl\/pl\/blog\/#breadcrumb\",\"itemListElement\":[{\"@type\":\"ListItem\",\"position\":1,\"name\":\"Home\",\"item\":\"https:\/\/seedea.pl\/pl\/\"},{\"@type\":\"ListItem\",\"position\":2,\"name\":\"Blog\"}]},{\"@type\":\"WebSite\",\"@id\":\"https:\/\/seedea.pl\/pl\/#website\",\"url\":\"https:\/\/seedea.pl\/pl\/\",\"name\":\"Seedea\",\"description\":\"Organic and Gluten-Free Ingredients for B2B\",\"publisher\":{\"@id\":\"https:\/\/seedea.pl\/pl\/#organization\"},\"potentialAction\":[{\"@type\":\"SearchAction\",\"target\":{\"@type\":\"EntryPoint\",\"urlTemplate\":\"https:\/\/seedea.pl\/pl\/?s={search_term_string}\"},\"query-input\":{\"@type\":\"PropertyValueSpecification\",\"valueRequired\":true,\"valueName\":\"search_term_string\"}}],\"inLanguage\":\"pl-PL\"},{\"@type\":\"Organization\",\"@id\":\"https:\/\/seedea.pl\/pl\/#organization\",\"name\":\"Seedea\",\"url\":\"https:\/\/seedea.pl\/pl\/\",\"logo\":{\"@type\":\"ImageObject\",\"inLanguage\":\"pl-PL\",\"@id\":\"https:\/\/seedea.pl\/pl\/#\/schema\/logo\/image\/\",\"url\":\"https:\/\/seedea.pl\/wp-content\/uploads\/2023\/05\/SEEDEA_LOGO_LOGO-01.svg\",\"contentUrl\":\"https:\/\/seedea.pl\/wp-content\/uploads\/2023\/05\/SEEDEA_LOGO_LOGO-01.svg\",\"caption\":\"Seedea\"},\"image\":{\"@id\":\"https:\/\/seedea.pl\/pl\/#\/schema\/logo\/image\/\"}}]}<\/script>\n<!-- \/ Yoast SEO plugin. -->","yoast_head_json":{"title":"Blog - Seedea","description":"Blog Nieprzemijaj\u0105ce spostrze\u017cenia: wiedza, kt\u00f3ra nigdy nie wychodzi z mody. Ponadczasowe artyku\u0142y, kt\u00f3re poprowadz\u0105, zainspiruj\u0105 i wespr\u0105 Tw\u00f3j biznes.","robots":{"index":"index","follow":"follow","max-snippet":"max-snippet:-1","max-image-preview":"max-image-preview:large","max-video-preview":"max-video-preview:-1"},"canonical":"https:\/\/seedea.pl\/pl\/blog\/","og_locale":"pl_PL","og_type":"article","og_title":"Blog - Seedea","og_description":"Blog Nieprzemijaj\u0105ce spostrze\u017cenia: wiedza, kt\u00f3ra nigdy nie wychodzi z mody. Ponadczasowe artyku\u0142y, kt\u00f3re poprowadz\u0105, zainspiruj\u0105 i wespr\u0105 Tw\u00f3j biznes.","og_url":"https:\/\/seedea.pl\/pl\/blog\/","og_site_name":"Seedea","article_modified_time":"2025-09-17T20:13:36+00:00","og_image":[{"width":768,"height":432,"url":"https:\/\/seedea.pl\/wp-content\/uploads\/2025\/07\/proso-gotowe-do-skoszenia-1024-x-768-px-768-x-432-px.png","type":"image\/png"}],"twitter_card":"summary_large_image","schema":{"@context":"https:\/\/schema.org","@graph":[{"@type":"WebPage","@id":"https:\/\/seedea.pl\/pl\/blog\/","url":"https:\/\/seedea.pl\/pl\/blog\/","name":"Blog - Seedea","isPartOf":{"@id":"https:\/\/seedea.pl\/pl\/#website"},"primaryImageOfPage":{"@id":"https:\/\/seedea.pl\/pl\/blog\/#primaryimage"},"image":{"@id":"https:\/\/seedea.pl\/pl\/blog\/#primaryimage"},"thumbnailUrl":"https:\/\/seedea.pl\/wp-content\/uploads\/2025\/07\/proso-gotowe-do-skoszenia-1024-x-768-px-768-x-432-px.png","datePublished":"2025-08-19T21:13:54+00:00","dateModified":"2025-09-17T20:13:36+00:00","description":"Blog Nieprzemijaj\u0105ce spostrze\u017cenia: wiedza, kt\u00f3ra nigdy nie wychodzi z mody. Ponadczasowe artyku\u0142y, kt\u00f3re poprowadz\u0105, zainspiruj\u0105 i wespr\u0105 Tw\u00f3j biznes.","breadcrumb":{"@id":"https:\/\/seedea.pl\/pl\/blog\/#breadcrumb"},"inLanguage":"pl-PL","potentialAction":[{"@type":"ReadAction","target":["https:\/\/seedea.pl\/pl\/blog\/"]}]},{"@type":"ImageObject","inLanguage":"pl-PL","@id":"https:\/\/seedea.pl\/pl\/blog\/#primaryimage","url":"https:\/\/seedea.pl\/wp-content\/uploads\/2025\/07\/proso-gotowe-do-skoszenia-1024-x-768-px-768-x-432-px.png","contentUrl":"https:\/\/seedea.pl\/wp-content\/uploads\/2025\/07\/proso-gotowe-do-skoszenia-1024-x-768-px-768-x-432-px.png","width":768,"height":432,"caption":"Proso gotowe do zbioru"},{"@type":"BreadcrumbList","@id":"https:\/\/seedea.pl\/pl\/blog\/#breadcrumb","itemListElement":[{"@type":"ListItem","position":1,"name":"Home","item":"https:\/\/seedea.pl\/pl\/"},{"@type":"ListItem","position":2,"name":"Blog"}]},{"@type":"WebSite","@id":"https:\/\/seedea.pl\/pl\/#website","url":"https:\/\/seedea.pl\/pl\/","name":"Seedea","description":"Organic and Gluten-Free Ingredients for B2B","publisher":{"@id":"https:\/\/seedea.pl\/pl\/#organization"},"potentialAction":[{"@type":"SearchAction","target":{"@type":"EntryPoint","urlTemplate":"https:\/\/seedea.pl\/pl\/?s={search_term_string}"},"query-input":{"@type":"PropertyValueSpecification","valueRequired":true,"valueName":"search_term_string"}}],"inLanguage":"pl-PL"},{"@type":"Organization","@id":"https:\/\/seedea.pl\/pl\/#organization","name":"Seedea","url":"https:\/\/seedea.pl\/pl\/","logo":{"@type":"ImageObject","inLanguage":"pl-PL","@id":"https:\/\/seedea.pl\/pl\/#\/schema\/logo\/image\/","url":"https:\/\/seedea.pl\/wp-content\/uploads\/2023\/05\/SEEDEA_LOGO_LOGO-01.svg","contentUrl":"https:\/\/seedea.pl\/wp-content\/uploads\/2023\/05\/SEEDEA_LOGO_LOGO-01.svg","caption":"Seedea"},"image":{"@id":"https:\/\/seedea.pl\/pl\/#\/schema\/logo\/image\/"}}]}},"_links":{"self":[{"href":"https:\/\/seedea.pl\/pl\/wp-json\/wp\/v2\/pages\/10699","targetHints":{"allow":["GET"]}}],"collection":[{"href":"https:\/\/seedea.pl\/pl\/wp-json\/wp\/v2\/pages"}],"about":[{"href":"https:\/\/seedea.pl\/pl\/wp-json\/wp\/v2\/types\/page"}],"author":[{"embeddable":true,"href":"https:\/\/seedea.pl\/pl\/wp-json\/wp\/v2\/users\/3"}],"replies":[{"embeddable":true,"href":"https:\/\/seedea.pl\/pl\/wp-json\/wp\/v2\/comments?post=10699"}],"version-history":[{"count":2,"href":"https:\/\/seedea.pl\/pl\/wp-json\/wp\/v2\/pages\/10699\/revisions"}],"predecessor-version":[{"id":10703,"href":"https:\/\/seedea.pl\/pl\/wp-json\/wp\/v2\/pages\/10699\/revisions\/10703"}],"wp:featuredmedia":[{"embeddable":true,"href":"https:\/\/seedea.pl\/pl\/wp-json\/wp\/v2\/media\/10700"}],"wp:attachment":[{"href":"https:\/\/seedea.pl\/pl\/wp-json\/wp\/v2\/media?parent=10699"}],"curies":[{"name":"wp","href":"https:\/\/api.w.org\/{rel}","templated":true}]}}